{"id":147,"date":"2021-03-17T10:26:35","date_gmt":"2021-03-17T10:26:35","guid":{"rendered":"http:\/\/zpbc.webd.pl\/zpbccerekiewWP\/?page_id=147"},"modified":"2026-03-02T07:13:46","modified_gmt":"2026-03-02T07:13:46","slug":"kontakt","status":"publish","type":"page","link":"https:\/\/zpbccerekiew.pl\/?page_id=147","title":{"rendered":"Kontakt"},"content":{"rendered":"\t\t<div data-elementor-type=\"wp-page\" data-elementor-id=\"147\" class=\"elementor elementor-147\" data-elementor-settings=\"[]\">\n\t\t\t\t\t\t\t<div class=\"elementor-section-wrap\">\n\t\t\t\t\t\t\t<section class=\"elementor-section elementor-top-section elementor-element elementor-element-1ba68ad2 elementor-section-stretched elementor-section-boxed elementor-section-height-default elementor-section-height-default\" data-id=\"1ba68ad2\" data-element_type=\"section\" data-settings=\"{&quot;stretch_section&quot;:&quot;section-stretched&quot;,&quot;background_background&quot;:&quot;classic&quot;}\">\n\t\t\t\t\t\t<div class=\"elementor-container elementor-column-gap-default\">\n\t\t\t\t\t<div class=\"elementor-column elementor-col-100 elementor-top-column elementor-element elementor-element-63835d7d\" data-id=\"63835d7d\" data-element_type=\"column\">\n\t\t\t<div class=\"elementor-widget-wrap elementor-element-populated\">\n\t\t\t\t\t\t\t\t<section class=\"elementor-section elementor-inner-section elementor-element elementor-element-125b9ec2 elementor-section-boxed elementor-section-height-default elementor-section-height-default\" data-id=\"125b9ec2\" data-element_type=\"section\">\n\t\t\t\t\t\t<div class=\"elementor-container elementor-column-gap-default\">\n\t\t\t\t\t<div class=\"elementor-column elementor-col-50 elementor-inner-column elementor-element elementor-element-464880f0\" data-id=\"464880f0\" data-element_type=\"column\">\n\t\t\t<div class=\"elementor-widget-wrap elementor-element-populated\">\n\t\t\t\t\t\t\t\t<div class=\"elementor-element elementor-element-740a5b4c elementor-widget elementor-widget-image\" data-id=\"740a5b4c\" data-element_type=\"widget\" data-widget_type=\"image.default\">\n\t\t\t\t<div class=\"elementor-widget-container\">\n\t\t\t<style>\/*! elementor - v3.5.3 - 28-12-2021 *\/\n.elementor-widget-image{text-align:center}.elementor-widget-image a{display:inline-block}.elementor-widget-image a img[src$=\".svg\"]{width:48px}.elementor-widget-image img{vertical-align:middle;display:inline-block}<\/style>\t\t\t\t\t\t\t\t\t\t\t\t<img loading=\"lazy\" decoding=\"async\" width=\"100\" height=\"100\" src=\"https:\/\/zpbccerekiew.pl\/wp-content\/uploads\/2022\/01\/logoPNG.png\" class=\"attachment-large size-large\" alt=\"\" srcset=\"https:\/\/zpbccerekiew.pl\/wp-content\/uploads\/2022\/01\/logoPNG.png 100w, https:\/\/zpbccerekiew.pl\/wp-content\/uploads\/2022\/01\/logoPNG-60x60.png 60w\" sizes=\"(max-width: 100px) 100vw, 100px\" \/>\t\t\t\t\t\t\t\t\t\t\t\t\t\t\t<\/div>\n\t\t\t\t<\/div>\n\t\t\t\t\t<\/div>\n\t\t<\/div>\n\t\t\t\t<div class=\"elementor-column elementor-col-50 elementor-inner-column elementor-element elementor-element-376e2d9b\" data-id=\"376e2d9b\" data-element_type=\"column\">\n\t\t\t<div class=\"elementor-widget-wrap elementor-element-populated\">\n\t\t\t\t\t\t\t\t<div class=\"elementor-element elementor-element-1623b161 elementor-widget elementor-widget-heading\" data-id=\"1623b161\" data-element_type=\"widget\" data-widget_type=\"heading.default\">\n\t\t\t\t<div class=\"elementor-widget-container\">\n\t\t\t<style>\/*! elementor - v3.5.3 - 28-12-2021 *\/\n.elementor-heading-title{padding:0;margin:0;line-height:1}.elementor-widget-heading .elementor-heading-title[class*=elementor-size-]>a{color:inherit;font-size:inherit;line-height:inherit}.elementor-widget-heading .elementor-heading-title.elementor-size-small{font-size:15px}.elementor-widget-heading .elementor-heading-title.elementor-size-medium{font-size:19px}.elementor-widget-heading .elementor-heading-title.elementor-size-large{font-size:29px}.elementor-widget-heading .elementor-heading-title.elementor-size-xl{font-size:39px}.elementor-widget-heading .elementor-heading-title.elementor-size-xxl{font-size:59px}<\/style><h2 class=\"elementor-heading-title elementor-size-default\">Zwi\u0105zek Plantator\u00f3w Buraka Cukrowego przy Sudzucker Polska z siedzib\u0105 przy Zak\u0142adzie Produkcyjnym \u201dCukrownia Cerekiew\u201d  w Ci\u0119\u017ckowicach<\/h2>\t\t<\/div>\n\t\t\t\t<\/div>\n\t\t\t\t\t<\/div>\n\t\t<\/div>\n\t\t\t\t\t\t\t<\/div>\n\t\t<\/section>\n\t\t\t\t\t<\/div>\n\t\t<\/div>\n\t\t\t\t\t\t\t<\/div>\n\t\t<\/section>\n\t\t\t\t<section class=\"elementor-section elementor-top-section elementor-element elementor-element-2c2b992b elementor-section-boxed elementor-section-height-default elementor-section-height-default\" data-id=\"2c2b992b\" data-element_type=\"section\" data-settings=\"{&quot;background_background&quot;:&quot;classic&quot;}\">\n\t\t\t\t\t\t<div class=\"elementor-container elementor-column-gap-extended\">\n\t\t\t\t\t<div class=\"elementor-column elementor-col-33 elementor-top-column elementor-element elementor-element-2853e568\" data-id=\"2853e568\" data-element_type=\"column\">\n\t\t\t<div class=\"elementor-widget-wrap elementor-element-populated\">\n\t\t\t\t\t\t\t\t<div class=\"elementor-element elementor-element-598d088c elementor-nav-menu--dropdown-tablet elementor-nav-menu__text-align-aside elementor-nav-menu--toggle elementor-nav-menu--burger elementor-widget elementor-widget-nav-menu\" data-id=\"598d088c\" data-element_type=\"widget\" data-settings=\"{&quot;layout&quot;:&quot;vertical&quot;,&quot;submenu_icon&quot;:{&quot;value&quot;:&quot;&lt;i class=\\&quot;\\&quot;&gt;&lt;\\\/i&gt;&quot;,&quot;library&quot;:&quot;&quot;},&quot;toggle&quot;:&quot;burger&quot;}\" data-widget_type=\"nav-menu.default\">\n\t\t\t\t<div class=\"elementor-widget-container\">\n\t\t\t<link rel=\"stylesheet\" href=\"https:\/\/zpbccerekiew.pl\/wp-content\/plugins\/elementor-pro\/assets\/css\/widget-nav-menu.min.css\"\/>\t\t\t<nav migration_allowed=\"1\" migrated=\"0\" role=\"navigation\" class=\"elementor-nav-menu--main elementor-nav-menu__container elementor-nav-menu--layout-vertical e--pointer-underline e--animation-fade\">\n\t\t\t\t<ul id=\"menu-1-598d088c\" class=\"elementor-nav-menu sm-vertical\"><li class=\"menu-item menu-item-type-post_type menu-item-object-page menu-item-home menu-item-1152\"><a href=\"https:\/\/zpbccerekiew.pl\/\" class=\"elementor-item\">Strona G\u0142\u00f3wna<\/a><\/li>\n<li class=\"menu-item menu-item-type-post_type menu-item-object-page menu-item-557\"><a href=\"https:\/\/zpbccerekiew.pl\/?page_id=159\" class=\"elementor-item\">Cele i zadania<\/a><\/li>\n<li class=\"menu-item menu-item-type-post_type menu-item-object-page menu-item-558\"><a href=\"https:\/\/zpbccerekiew.pl\/?page_id=209\" class=\"elementor-item\">CIBE<\/a><\/li>\n<li class=\"menu-item menu-item-type-post_type menu-item-object-page menu-item-1202\"><a href=\"https:\/\/zpbccerekiew.pl\/?page_id=1197\" class=\"elementor-item\">Statut<\/a><\/li>\n<li class=\"menu-item menu-item-type-post_type menu-item-object-page menu-item-559\"><a href=\"https:\/\/zpbccerekiew.pl\/?page_id=161\" class=\"elementor-item\">Grupa Plantator<\/a><\/li>\n<li class=\"menu-item menu-item-type-post_type menu-item-object-page menu-item-560\"><a href=\"https:\/\/zpbccerekiew.pl\/?page_id=153\" class=\"elementor-item\">Historia Zwi\u0105zku Plantator\u00f3w<\/a><\/li>\n<li class=\"menu-item menu-item-type-post_type menu-item-object-page menu-item-581\"><a href=\"https:\/\/zpbccerekiew.pl\/?page_id=211\" class=\"elementor-item\">Wycieczki<\/a><\/li>\n<li class=\"menu-item menu-item-type-post_type menu-item-object-page menu-item-582\"><a href=\"https:\/\/zpbccerekiew.pl\/?page_id=156\" class=\"elementor-item\">Zarz\u0105d Zwi\u0105zku<\/a><\/li>\n<li class=\"menu-item menu-item-type-post_type menu-item-object-page menu-item-561\"><a href=\"https:\/\/zpbccerekiew.pl\/?page_id=147\" class=\"elementor-item\">Kontakt<\/a><\/li>\n<\/ul>\t\t\t<\/nav>\n\t\t\t\t\t<div class=\"elementor-menu-toggle\" role=\"button\" tabindex=\"0\" aria-label=\"Menu Toggle\" aria-expanded=\"false\">\n\t\t\t<i aria-hidden=\"true\" role=\"presentation\" class=\"elementor-menu-toggle__icon--open eicon-menu-bar\"><\/i><i aria-hidden=\"true\" role=\"presentation\" class=\"elementor-menu-toggle__icon--close eicon-close\"><\/i>\t\t\t<span class=\"elementor-screen-only\">Menu<\/span>\n\t\t<\/div>\n\t\t\t<nav class=\"elementor-nav-menu--dropdown elementor-nav-menu__container\" role=\"navigation\" aria-hidden=\"true\">\n\t\t\t\t<ul id=\"menu-2-598d088c\" class=\"elementor-nav-menu sm-vertical\"><li class=\"menu-item menu-item-type-post_type menu-item-object-page menu-item-home menu-item-1152\"><a href=\"https:\/\/zpbccerekiew.pl\/\" class=\"elementor-item\" tabindex=\"-1\">Strona G\u0142\u00f3wna<\/a><\/li>\n<li class=\"menu-item menu-item-type-post_type menu-item-object-page menu-item-557\"><a href=\"https:\/\/zpbccerekiew.pl\/?page_id=159\" class=\"elementor-item\" tabindex=\"-1\">Cele i zadania<\/a><\/li>\n<li class=\"menu-item menu-item-type-post_type menu-item-object-page menu-item-558\"><a href=\"https:\/\/zpbccerekiew.pl\/?page_id=209\" class=\"elementor-item\" tabindex=\"-1\">CIBE<\/a><\/li>\n<li class=\"menu-item menu-item-type-post_type menu-item-object-page menu-item-1202\"><a href=\"https:\/\/zpbccerekiew.pl\/?page_id=1197\" class=\"elementor-item\" tabindex=\"-1\">Statut<\/a><\/li>\n<li class=\"menu-item menu-item-type-post_type menu-item-object-page menu-item-559\"><a href=\"https:\/\/zpbccerekiew.pl\/?page_id=161\" class=\"elementor-item\" tabindex=\"-1\">Grupa Plantator<\/a><\/li>\n<li class=\"menu-item menu-item-type-post_type menu-item-object-page menu-item-560\"><a href=\"https:\/\/zpbccerekiew.pl\/?page_id=153\" class=\"elementor-item\" tabindex=\"-1\">Historia Zwi\u0105zku Plantator\u00f3w<\/a><\/li>\n<li class=\"menu-item menu-item-type-post_type menu-item-object-page menu-item-581\"><a href=\"https:\/\/zpbccerekiew.pl\/?page_id=211\" class=\"elementor-item\" tabindex=\"-1\">Wycieczki<\/a><\/li>\n<li class=\"menu-item menu-item-type-post_type menu-item-object-page menu-item-582\"><a href=\"https:\/\/zpbccerekiew.pl\/?page_id=156\" class=\"elementor-item\" tabindex=\"-1\">Zarz\u0105d Zwi\u0105zku<\/a><\/li>\n<li class=\"menu-item menu-item-type-post_type menu-item-object-page menu-item-561\"><a href=\"https:\/\/zpbccerekiew.pl\/?page_id=147\" class=\"elementor-item\" tabindex=\"-1\">Kontakt<\/a><\/li>\n<\/ul>\t\t\t<\/nav>\n\t\t\t\t<\/div>\n\t\t\t\t<\/div>\n\t\t\t\t<div class=\"elementor-element elementor-element-37311d88 elementor-widget elementor-widget-heading\" data-id=\"37311d88\" data-element_type=\"widget\" data-widget_type=\"heading.default\">\n\t\t\t\t<div class=\"elementor-widget-container\">\n\t\t\t<h2 class=\"elementor-heading-title elementor-size-default\">Adres siedziby:<br \/>\nCi\u0119\u017ckowice, ul. Fabryczna 13, \n47-260 Polska Cerekiew\n<br \/>\nBIURO ZPBC <br \/>  Tel.: 507 333 072 <\/h2>\t\t<\/div>\n\t\t\t\t<\/div>\n\t\t\t\t<div class=\"elementor-element elementor-element-410ee84d elementor-widget elementor-widget-spacer\" data-id=\"410ee84d\" data-element_type=\"widget\" data-widget_type=\"spacer.default\">\n\t\t\t\t<div class=\"elementor-widget-container\">\n\t\t\t\t\t<div class=\"elementor-spacer\">\n\t\t\t<div class=\"elementor-spacer-inner\"><\/div>\n\t\t<\/div>\n\t\t\t\t<\/div>\n\t\t\t\t<\/div>\n\t\t\t\t\t<\/div>\n\t\t<\/div>\n\t\t\t\t<div class=\"elementor-column elementor-col-33 elementor-top-column elementor-element elementor-element-9fdc667\" data-id=\"9fdc667\" data-element_type=\"column\" data-settings=\"{&quot;background_background&quot;:&quot;classic&quot;}\">\n\t\t\t<div class=\"elementor-widget-wrap elementor-element-populated\">\n\t\t\t\t\t<div class=\"elementor-background-overlay\"><\/div>\n\t\t\t\t\t\t\t\t<div class=\"elementor-element elementor-element-ddc9c26 elementor-widget elementor-widget-text-editor\" data-id=\"ddc9c26\" data-element_type=\"widget\" data-widget_type=\"text-editor.default\">\n\t\t\t\t<div class=\"elementor-widget-container\">\n\t\t\t<style>\/*! elementor - v3.5.3 - 28-12-2021 *\/\n.elementor-widget-text-editor.elementor-drop-cap-view-stacked .elementor-drop-cap{background-color:#818a91;color:#fff}.elementor-widget-text-editor.elementor-drop-cap-view-framed .elementor-drop-cap{color:#818a91;border:3px solid;background-color:transparent}.elementor-widget-text-editor:not(.elementor-drop-cap-view-default) .elementor-drop-cap{margin-top:8px}.elementor-widget-text-editor:not(.elementor-drop-cap-view-default) .elementor-drop-cap-letter{width:1em;height:1em}.elementor-widget-text-editor .elementor-drop-cap{float:left;text-align:center;line-height:1;font-size:50px}.elementor-widget-text-editor .elementor-drop-cap-letter{display:inline-block}<\/style>\t\t\t\t<h3>Zwi\u0105zek Plantator\u00f3w Buraka Cukrowego przy S\u00fcdzucker Polska z siedzib\u0105 przy Zak\u0142adzie Produkcyjnym &#8221; Cukrownia Cerekiew &#8221; w Ci\u0119\u017ckowicach\u00a0<\/h3>\n<p><\/p><\/div><\/div><\/div><\/div><\/div><\/section><\/div><\/div> <a href=\"https:\/\/zpbccerekiew.pl\/?page_id=147#more-147\" class=\"more-link elementor-more-link\"><span aria-label=\"Czytaj dalej Kontakt\">(wi\u0119cej&hellip;)<\/span><\/a>","protected":false},"excerpt":{"rendered":"<p>Zwi\u0105zek Plantator\u00f3w Buraka Cukrowego przy Sudzucker Polska z siedzib\u0105 przy Zak\u0142adzie Produkcyjnym \u201dCukrownia Cerekiew\u201d w Ci\u0119\u017ckowicach Adres siedziby: Ci\u0119\u017ckowice, ul. Fabryczna 13, 47-260 Polska Cerekiew BIURO ZPBC Tel.: 507 333 072 Zwi\u0105zek Plantator\u00f3w Buraka Cukrowego przy S\u00fcdzucker Polska z siedzib\u0105 przy Zak\u0142adzie Produkcyjnym &#8221; Cukrownia Cerekiew &#8221; w Ci\u0119\u017ckowicach\u00a0<\/p>\n","protected":false},"author":1,"featured_media":0,"parent":0,"menu_order":7,"comment_status":"closed","ping_status":"closed","template":"","meta":{"footnotes":""},"_links":{"self":[{"href":"https:\/\/zpbccerekiew.pl\/index.php?rest_route=\/wp\/v2\/pages\/147"}],"collection":[{"href":"https:\/\/zpbccerekiew.pl\/index.php?rest_route=\/wp\/v2\/pages"}],"about":[{"href":"https:\/\/zpbccerekiew.pl\/index.php?rest_route=\/wp\/v2\/types\/page"}],"author":[{"embeddable":true,"href":"https:\/\/zpbccerekiew.pl\/index.php?rest_route=\/wp\/v2\/users\/1"}],"replies":[{"embeddable":true,"href":"https:\/\/zpbccerekiew.pl\/index.php?rest_route=%2Fwp%2Fv2%2Fcomments&post=147"}],"version-history":[{"count":31,"href":"https:\/\/zpbccerekiew.pl\/index.php?rest_route=\/wp\/v2\/pages\/147\/revisions"}],"predecessor-version":[{"id":2179,"href":"https:\/\/zpbccerekiew.pl\/index.php?rest_route=\/wp\/v2\/pages\/147\/revisions\/2179"}],"wp:attachment":[{"href":"https:\/\/zpbccerekiew.pl\/index.php?rest_route=%2Fwp%2Fv2%2Fmedia&parent=147"}],"curies":[{"name":"wp","href":"https:\/\/api.w.org\/{rel}","templated":true}]}}