{"id":156,"date":"2021-03-17T10:34:22","date_gmt":"2021-03-17T10:34:22","guid":{"rendered":"http:\/\/zpbc.webd.pl\/zpbccerekiewWP\/?page_id=156"},"modified":"2026-03-02T07:14:58","modified_gmt":"2026-03-02T07:14:58","slug":"zarzad-zwiazku","status":"publish","type":"page","link":"https:\/\/zpbccerekiew.pl\/?page_id=156","title":{"rendered":"Zarz\u0105d Zwi\u0105zku"},"content":{"rendered":"\t\t<div data-elementor-type=\"wp-page\" data-elementor-id=\"156\" class=\"elementor elementor-156\" data-elementor-settings=\"[]\">\n\t\t\t\t\t\t\t<div class=\"elementor-section-wrap\">\n\t\t\t\t\t\t\t<section class=\"elementor-section elementor-top-section elementor-element elementor-element-2edc5140 elementor-section-stretched elementor-section-boxed elementor-section-height-default elementor-section-height-default\" data-id=\"2edc5140\" data-element_type=\"section\" data-settings=\"{&quot;stretch_section&quot;:&quot;section-stretched&quot;,&quot;background_background&quot;:&quot;classic&quot;}\">\n\t\t\t\t\t\t<div class=\"elementor-container elementor-column-gap-default\">\n\t\t\t\t\t<div class=\"elementor-column elementor-col-100 elementor-top-column elementor-element elementor-element-101b24f\" data-id=\"101b24f\" data-element_type=\"column\">\n\t\t\t<div class=\"elementor-widget-wrap elementor-element-populated\">\n\t\t\t\t\t\t\t\t<section class=\"elementor-section elementor-inner-section elementor-element elementor-element-22a66dc3 elementor-section-boxed elementor-section-height-default elementor-section-height-default\" data-id=\"22a66dc3\" data-element_type=\"section\">\n\t\t\t\t\t\t<div class=\"elementor-container elementor-column-gap-default\">\n\t\t\t\t\t<div class=\"elementor-column elementor-col-50 elementor-inner-column elementor-element elementor-element-3d5185e4\" data-id=\"3d5185e4\" data-element_type=\"column\">\n\t\t\t<div class=\"elementor-widget-wrap elementor-element-populated\">\n\t\t\t\t\t\t\t\t<div class=\"elementor-element elementor-element-2272e14 elementor-widget elementor-widget-image\" data-id=\"2272e14\" data-element_type=\"widget\" data-widget_type=\"image.default\">\n\t\t\t\t<div class=\"elementor-widget-container\">\n\t\t\t<style>\/*! elementor - v3.5.3 - 28-12-2021 *\/\n.elementor-widget-image{text-align:center}.elementor-widget-image a{display:inline-block}.elementor-widget-image a img[src$=\".svg\"]{width:48px}.elementor-widget-image img{vertical-align:middle;display:inline-block}<\/style>\t\t\t\t\t\t\t\t\t\t\t\t<img loading=\"lazy\" decoding=\"async\" width=\"100\" height=\"100\" src=\"https:\/\/zpbccerekiew.pl\/wp-content\/uploads\/2022\/01\/logoPNG.png\" class=\"attachment-large size-large\" alt=\"\" srcset=\"https:\/\/zpbccerekiew.pl\/wp-content\/uploads\/2022\/01\/logoPNG.png 100w, https:\/\/zpbccerekiew.pl\/wp-content\/uploads\/2022\/01\/logoPNG-60x60.png 60w\" sizes=\"(max-width: 100px) 100vw, 100px\" \/>\t\t\t\t\t\t\t\t\t\t\t\t\t\t\t<\/div>\n\t\t\t\t<\/div>\n\t\t\t\t\t<\/div>\n\t\t<\/div>\n\t\t\t\t<div class=\"elementor-column elementor-col-50 elementor-inner-column elementor-element elementor-element-31428a94\" data-id=\"31428a94\" data-element_type=\"column\">\n\t\t\t<div class=\"elementor-widget-wrap elementor-element-populated\">\n\t\t\t\t\t\t\t\t<div class=\"elementor-element elementor-element-4966f444 elementor-widget elementor-widget-heading\" data-id=\"4966f444\" data-element_type=\"widget\" data-widget_type=\"heading.default\">\n\t\t\t\t<div class=\"elementor-widget-container\">\n\t\t\t<style>\/*! elementor - v3.5.3 - 28-12-2021 *\/\n.elementor-heading-title{padding:0;margin:0;line-height:1}.elementor-widget-heading .elementor-heading-title[class*=elementor-size-]>a{color:inherit;font-size:inherit;line-height:inherit}.elementor-widget-heading .elementor-heading-title.elementor-size-small{font-size:15px}.elementor-widget-heading .elementor-heading-title.elementor-size-medium{font-size:19px}.elementor-widget-heading .elementor-heading-title.elementor-size-large{font-size:29px}.elementor-widget-heading .elementor-heading-title.elementor-size-xl{font-size:39px}.elementor-widget-heading .elementor-heading-title.elementor-size-xxl{font-size:59px}<\/style><h2 class=\"elementor-heading-title elementor-size-default\">Zwi\u0105zek Plantator\u00f3w Buraka Cukrowego przy Sudzucker Polska z siedzib\u0105 przy Zak\u0142adzie Produkcyjnym \u201dCukrownia Cerekiew\u201d  w Ci\u0119\u017ckowicach<\/h2>\t\t<\/div>\n\t\t\t\t<\/div>\n\t\t\t\t\t<\/div>\n\t\t<\/div>\n\t\t\t\t\t\t\t<\/div>\n\t\t<\/section>\n\t\t\t\t\t<\/div>\n\t\t<\/div>\n\t\t\t\t\t\t\t<\/div>\n\t\t<\/section>\n\t\t\t\t<section class=\"elementor-section elementor-top-section elementor-element elementor-element-e0fe312 elementor-section-boxed elementor-section-height-default elementor-section-height-default\" data-id=\"e0fe312\" data-element_type=\"section\" data-settings=\"{&quot;background_background&quot;:&quot;classic&quot;}\">\n\t\t\t\t\t\t<div class=\"elementor-container elementor-column-gap-extended\">\n\t\t\t\t\t<div class=\"elementor-column elementor-col-33 elementor-top-column elementor-element elementor-element-5edfa7cf\" data-id=\"5edfa7cf\" data-element_type=\"column\">\n\t\t\t<div class=\"elementor-widget-wrap elementor-element-populated\">\n\t\t\t\t\t\t\t\t<div class=\"elementor-element elementor-element-6118814 elementor-nav-menu--dropdown-tablet elementor-nav-menu__text-align-aside elementor-nav-menu--toggle elementor-nav-menu--burger elementor-widget elementor-widget-nav-menu\" data-id=\"6118814\" data-element_type=\"widget\" data-settings=\"{&quot;layout&quot;:&quot;vertical&quot;,&quot;submenu_icon&quot;:{&quot;value&quot;:&quot;&lt;i class=\\&quot;\\&quot;&gt;&lt;\\\/i&gt;&quot;,&quot;library&quot;:&quot;&quot;},&quot;toggle&quot;:&quot;burger&quot;}\" data-widget_type=\"nav-menu.default\">\n\t\t\t\t<div class=\"elementor-widget-container\">\n\t\t\t<link rel=\"stylesheet\" href=\"https:\/\/zpbccerekiew.pl\/wp-content\/plugins\/elementor-pro\/assets\/css\/widget-nav-menu.min.css\">\t\t\t<nav migration_allowed=\"1\" migrated=\"0\" role=\"navigation\" class=\"elementor-nav-menu--main elementor-nav-menu__container elementor-nav-menu--layout-vertical e--pointer-underline e--animation-fade\">\n\t\t\t\t<ul id=\"menu-1-6118814\" class=\"elementor-nav-menu sm-vertical\"><li class=\"menu-item menu-item-type-post_type menu-item-object-page menu-item-home menu-item-1152\"><a href=\"https:\/\/zpbccerekiew.pl\/\" class=\"elementor-item\">Strona G\u0142\u00f3wna<\/a><\/li>\n<li class=\"menu-item menu-item-type-post_type menu-item-object-page menu-item-557\"><a href=\"https:\/\/zpbccerekiew.pl\/?page_id=159\" class=\"elementor-item\">Cele i zadania<\/a><\/li>\n<li class=\"menu-item menu-item-type-post_type menu-item-object-page menu-item-558\"><a href=\"https:\/\/zpbccerekiew.pl\/?page_id=209\" class=\"elementor-item\">CIBE<\/a><\/li>\n<li class=\"menu-item menu-item-type-post_type menu-item-object-page menu-item-1202\"><a href=\"https:\/\/zpbccerekiew.pl\/?page_id=1197\" class=\"elementor-item\">Statut<\/a><\/li>\n<li class=\"menu-item menu-item-type-post_type menu-item-object-page menu-item-559\"><a href=\"https:\/\/zpbccerekiew.pl\/?page_id=161\" class=\"elementor-item\">Grupa Plantator<\/a><\/li>\n<li class=\"menu-item menu-item-type-post_type menu-item-object-page menu-item-560\"><a href=\"https:\/\/zpbccerekiew.pl\/?page_id=153\" class=\"elementor-item\">Historia Zwi\u0105zku Plantator\u00f3w<\/a><\/li>\n<li class=\"menu-item menu-item-type-post_type menu-item-object-page menu-item-581\"><a href=\"https:\/\/zpbccerekiew.pl\/?page_id=211\" class=\"elementor-item\">Wycieczki<\/a><\/li>\n<li class=\"menu-item menu-item-type-post_type menu-item-object-page menu-item-582\"><a href=\"https:\/\/zpbccerekiew.pl\/?page_id=156\" class=\"elementor-item\">Zarz\u0105d Zwi\u0105zku<\/a><\/li>\n<li class=\"menu-item menu-item-type-post_type menu-item-object-page menu-item-561\"><a href=\"https:\/\/zpbccerekiew.pl\/?page_id=147\" class=\"elementor-item\">Kontakt<\/a><\/li>\n<\/ul>\t\t\t<\/nav>\n\t\t\t\t\t<div class=\"elementor-menu-toggle\" role=\"button\" tabindex=\"0\" aria-label=\"Menu Toggle\" aria-expanded=\"false\">\n\t\t\t<i aria-hidden=\"true\" role=\"presentation\" class=\"elementor-menu-toggle__icon--open eicon-menu-bar\"><\/i><i aria-hidden=\"true\" role=\"presentation\" class=\"elementor-menu-toggle__icon--close eicon-close\"><\/i>\t\t\t<span class=\"elementor-screen-only\">Menu<\/span>\n\t\t<\/div>\n\t\t\t<nav class=\"elementor-nav-menu--dropdown elementor-nav-menu__container\" role=\"navigation\" aria-hidden=\"true\">\n\t\t\t\t<ul id=\"menu-2-6118814\" class=\"elementor-nav-menu sm-vertical\"><li class=\"menu-item menu-item-type-post_type menu-item-object-page menu-item-home menu-item-1152\"><a href=\"https:\/\/zpbccerekiew.pl\/\" class=\"elementor-item\" tabindex=\"-1\">Strona G\u0142\u00f3wna<\/a><\/li>\n<li class=\"menu-item menu-item-type-post_type menu-item-object-page menu-item-557\"><a href=\"https:\/\/zpbccerekiew.pl\/?page_id=159\" class=\"elementor-item\" tabindex=\"-1\">Cele i zadania<\/a><\/li>\n<li class=\"menu-item menu-item-type-post_type menu-item-object-page menu-item-558\"><a href=\"https:\/\/zpbccerekiew.pl\/?page_id=209\" class=\"elementor-item\" tabindex=\"-1\">CIBE<\/a><\/li>\n<li class=\"menu-item menu-item-type-post_type menu-item-object-page menu-item-1202\"><a href=\"https:\/\/zpbccerekiew.pl\/?page_id=1197\" class=\"elementor-item\" tabindex=\"-1\">Statut<\/a><\/li>\n<li class=\"menu-item menu-item-type-post_type menu-item-object-page menu-item-559\"><a href=\"https:\/\/zpbccerekiew.pl\/?page_id=161\" class=\"elementor-item\" tabindex=\"-1\">Grupa Plantator<\/a><\/li>\n<li class=\"menu-item menu-item-type-post_type menu-item-object-page menu-item-560\"><a href=\"https:\/\/zpbccerekiew.pl\/?page_id=153\" class=\"elementor-item\" tabindex=\"-1\">Historia Zwi\u0105zku Plantator\u00f3w<\/a><\/li>\n<li class=\"menu-item menu-item-type-post_type menu-item-object-page menu-item-581\"><a href=\"https:\/\/zpbccerekiew.pl\/?page_id=211\" class=\"elementor-item\" tabindex=\"-1\">Wycieczki<\/a><\/li>\n<li class=\"menu-item menu-item-type-post_type menu-item-object-page menu-item-582\"><a href=\"https:\/\/zpbccerekiew.pl\/?page_id=156\" class=\"elementor-item\" tabindex=\"-1\">Zarz\u0105d Zwi\u0105zku<\/a><\/li>\n<li class=\"menu-item menu-item-type-post_type menu-item-object-page menu-item-561\"><a href=\"https:\/\/zpbccerekiew.pl\/?page_id=147\" class=\"elementor-item\" tabindex=\"-1\">Kontakt<\/a><\/li>\n<\/ul>\t\t\t<\/nav>\n\t\t\t\t<\/div>\n\t\t\t\t<\/div>\n\t\t\t\t<div class=\"elementor-element elementor-element-5e0ae156 elementor-widget elementor-widget-heading\" data-id=\"5e0ae156\" data-element_type=\"widget\" data-widget_type=\"heading.default\">\n\t\t\t\t<div class=\"elementor-widget-container\">\n\t\t\t<h2 class=\"elementor-heading-title elementor-size-default\">Adres siedziby:<br>\nCi\u0119\u017ckowice, ul. Fabryczna 13, \n47-260 Polska Cerekiew\n<br>\nBIURO ZPBC <br>  Tel.: 507 333 072 <\/h2>\t\t<\/div>\n\t\t\t\t<\/div>\n\t\t\t\t<div class=\"elementor-element elementor-element-1d218776 elementor-widget elementor-widget-google_maps\" data-id=\"1d218776\" data-element_type=\"widget\" data-widget_type=\"google_maps.default\">\n\t\t\t\t<div class=\"elementor-widget-container\">\n\t\t\t<style>\/*! elementor - v3.5.3 - 28-12-2021 *\/\n.elementor-widget-google_maps .elementor-widget-container{overflow:hidden}.elementor-widget-google_maps iframe{height:300px}<\/style>\t\t<div class=\"elementor-custom-embed\">\n\t\t\t<iframe frameborder=\"0\" scrolling=\"no\" marginheight=\"0\" marginwidth=\"0\"\n\t\t\t\t\tsrc=\"https:\/\/maps.google.com\/maps?q=Ci%C4%99%C5%BCkowice%2C%20ul.%20Fabryczna%2013&#038;t=m&#038;z=10&#038;output=embed&#038;iwloc=near\"\n\t\t\t\t\ttitle=\"Ci\u0119\u017ckowice, ul. Fabryczna 13\"\n\t\t\t\t\taria-label=\"Ci\u0119\u017ckowice, ul. Fabryczna 13\"\n\t\t\t><\/iframe>\n\t\t<\/div>\n\t\t\t\t<\/div>\n\t\t\t\t<\/div>\n\t\t\t\t<div class=\"elementor-element elementor-element-1626898d elementor-widget elementor-widget-spacer\" data-id=\"1626898d\" data-element_type=\"widget\" data-widget_type=\"spacer.default\">\n\t\t\t\t<div class=\"elementor-widget-container\">\n\t\t\t\t\t<div class=\"elementor-spacer\">\n\t\t\t<div class=\"elementor-spacer-inner\"><\/div>\n\t\t<\/div>\n\t\t\t\t<\/div>\n\t\t\t\t<\/div>\n\t\t\t\t\t<\/div>\n\t\t<\/div>\n\t\t\t\t<div class=\"elementor-column elementor-col-33 elementor-top-column elementor-element elementor-element-48e8f689\" data-id=\"48e8f689\" data-element_type=\"column\" data-settings=\"{&quot;background_background&quot;:&quot;classic&quot;}\">\n\t\t\t<div class=\"elementor-widget-wrap elementor-element-populated\">\n\t\t\t\t\t<div class=\"elementor-background-overlay\"><\/div>\n\t\t\t\t\t\t\t\t<div class=\"elementor-element elementor-element-46d2b76 elementor-widget elementor-widget-text-editor\" data-id=\"46d2b76\" data-element_type=\"widget\" data-widget_type=\"text-editor.default\">\n\t\t\t\t<div class=\"elementor-widget-container\">\n\t\t\t<style>\/*! elementor - v3.5.3 - 28-12-2021 *\/\n.elementor-widget-text-editor.elementor-drop-cap-view-stacked .elementor-drop-cap{background-color:#818a91;color:#fff}.elementor-widget-text-editor.elementor-drop-cap-view-framed .elementor-drop-cap{color:#818a91;border:3px solid;background-color:transparent}.elementor-widget-text-editor:not(.elementor-drop-cap-view-default) .elementor-drop-cap{margin-top:8px}.elementor-widget-text-editor:not(.elementor-drop-cap-view-default) .elementor-drop-cap-letter{width:1em;height:1em}.elementor-widget-text-editor .elementor-drop-cap{float:left;text-align:center;line-height:1;font-size:50px}.elementor-widget-text-editor .elementor-drop-cap-letter{display:inline-block}<\/style>\t\t\t\t<p><!-- wp:paragraph {\"align\":\"center\",\"className\":\"is-style-default\"} --><\/p>\n<p class=\"MsoNormal\" style=\"text-align: center;\"><span style=\"font-size: 20px;\"><b><span style=\"line-height: 107%;\">ZWI\u0104ZEK PLANTATOR\u00d3W<\/span><\/b><\/span><\/p>\n<p class=\"MsoNormal\" style=\"text-align: center;\"><span style=\"font-size: 20px;\"><b><span style=\"line-height: 107%;\">BURAKA CUKROWEGO PRZY S\u00dcDZUCKER POLSKA<\/span><\/b><\/span><\/p>\n<p class=\"MsoNormal\" style=\"text-align: center;\"><span style=\"font-size: 20px;\"><b><span style=\"line-height: 107%;\">Z SIEDZIB\u0104 PRZY ZAK\u0141ADZIE PRODUKCYJNYM \u201eCUKROWNIA CEREKIEW\u201d<\/span><\/b><\/span><\/p>\n<p class=\"MsoNormal\"><span style=\"font-size: 20px;\"><b>Sk\u0142ad Zarz\u0105du:<\/b><\/span><\/p>\n<ul style=\"margin-top: 0cm;\" type=\"disc\">\n<li class=\"MsoNormal\">Sylweriusz Preussner\u00a0 \u00a0 \u00a0\u2013 Prezes<\/li>\n<li class=\"MsoNormal\">Mieczys\u0142aw Mysliwy\u00a0 \u00a0 \u00a0 \u00a0 \u2013 vice prezes<\/li>\n<li class=\"MsoNormal\">Henryk Dzimiera\u00a0 \u00a0 \u00a0 \u00a0 \u00a0 \u00a0 \u00a0 &#8211; Sekretarz<\/li>\n<li class=\"MsoNormal\">Gerard Raubal\u00a0 \u00a0 \u00a0 \u00a0 \u00a0 \u00a0 \u00a0 \u00a0 \u00a0&#8211; Cz\u0142onek Zarz\u0105du<\/li>\n<li class=\"MsoNormal\">J\u00f3zef Dambo\u0144\u00a0 \u00a0 \u00a0 \u00a0 \u00a0 \u00a0 \u00a0 \u00a0 \u00a0&#8211; Cz\u0142onek Zarz\u0105du<\/li>\n<li class=\"MsoNormal\">Bernard Wieczorek\u00a0 \u00a0 \u00a0 \u00a0 \u00a0 &#8211; Cz\u0142onek Zarz\u0105du<\/li>\n<li class=\"MsoNormal\">Rafa\u0142 Dambo\u0144\u00a0 \u00a0 \u00a0 \u00a0 \u00a0 \u00a0 \u00a0 \u00a0 \u00a0&#8211; Cz\u0142onek Zarz\u0105du<\/li>\n<li class=\"MsoNormal\">Rajmund Wochnik\u00a0 \u00a0 \u00a0 \u00a0 \u00a0\u00a0\u00a0&#8211; Cz\u0142onek Zarz\u0105du<\/li>\n<li class=\"MsoNormal\">Bernard Gnilka\u00a0 \u00a0 \u00a0 \u00a0 \u00a0 \u00a0 \u00a0 \u00a0 &#8211; Cz\u0142onek Zarz\u0105du<\/li>\n<li class=\"MsoNormal\">Piotr Hanusiak\u00a0 \u00a0 \u00a0 \u00a0 \u00a0 \u00a0 \u00a0 \u00a0 &#8211; Cz\u0142onek Zarz\u0105du<\/li>\n<li class=\"MsoNormal\">Sylweriusz Preussner\u00a0 \u00a0 \u00a0&#8211; Cz\u0142onek Zarz\u0105du<\/li>\n<li class=\"MsoNormal\">Ryszard Wr\u00f3blewski\u00a0 \u00a0 \u00a0 \u00a0&#8211; Cz\u0142onek Zarz\u0105du<\/li>\n<\/ul>\n<p class=\"MsoNormal\"><span style=\"font-size: 20px;\"><b>Komisja Rewizyjna:<\/b><\/span><\/p>\n<ul style=\"margin-top: 0cm;\" type=\"disc\">\n<li class=\"MsoNormal\">Edward Kurzela\u00a0 \u00a0 \u00a0 \u00a0&#8211; Przewodnicz\u0105cy Komisji Rewizyjnej<\/li>\n<li class=\"MsoNormal\">Joachim Zeme\u0142ka\u00a0 \u00a0 &#8211; Cz\u0142onek Komisji Rewizyjnej<\/li>\n<li class=\"MsoNormal\">Krzysztof Komorek\u00a0 \u00a0&#8211; Cz\u0142onek Komisji Rewizyjnej<\/li>\n<\/ul>\n<p>\u00a0<\/p>\n<p>\u00a0<\/p>\n<p><strong><span style=\"font-size: 20px;\">Delegaci wybrani na szkoleniach:<\/span><br \/><br \/><\/strong><\/p>\n<p><span style=\"font-size: 16px;\"><strong><u>G\u0142og\u00f3wek \u2013 27 luty 2023 r.<\/u><\/strong><\/span><br \/><span style=\"font-size: 16px;\">1. Bernard G.<\/span><br \/><span style=\"font-size: 16px;\">2. Marek L.<\/span><br \/><span style=\"font-size: 16px;\">3. Denis W.<\/span><br \/><span style=\"font-size: 16px;\">4. Micha\u0142 D.<\/span><br \/><span style=\"font-size: 16px;\">5. Janusz K.<\/span><br \/><span style=\"font-size: 16px;\">6. Dawid G.<\/span><br \/><span style=\"font-size: 16px;\">7. Piotr J.<\/span><\/p>\n<p><br \/><span style=\"font-size: 16px;\"><strong><u>Bia\u0142a \u2013 28 luty 2023 r.<\/u><\/strong><\/span><br \/><span style=\"font-size: 16px;\">1. Ryszard W.<\/span><br \/><span style=\"font-size: 16px;\">2. Sylweriusz P.<\/span><br \/><span style=\"font-size: 16px;\">3. Piotr H.<\/span><br \/><span style=\"font-size: 16px;\">4. Dominik S.<\/span><\/p>\n<p><br \/><span style=\"font-size: 16px;\"><strong><u>Paw\u0142owiczki \u2013 2 marzec 2023 r.<\/u><\/strong><\/span><br \/><span style=\"font-size: 16px;\">1. Adrian F.<\/span><br \/><span style=\"font-size: 16px;\">2. Zygmunt C.<\/span><br \/><span style=\"font-size: 16px;\">3. Damian M.<\/span><br \/><span style=\"font-size: 16px;\">4. Bernard W.<\/span><br \/><span style=\"font-size: 16px;\">5. Damian G.<\/span><br \/><span style=\"font-size: 16px;\">6. Mariusz V.<\/span><br \/><span style=\"font-size: 16px;\">7. Gerard R.<\/span><br \/><span style=\"font-size: 16px;\">8. Norbert K.<\/span><br \/><span style=\"font-size: 16px;\">9. Erwin G.<\/span><br \/><span style=\"font-size: 16px;\">10. Rajmund W.<\/span><\/p>\n<p><br \/><span style=\"font-size: 16px;\"><strong><u>\u0141any \u2013 7 marzec 2023 r.<\/u><br \/><\/strong>1. Martin K.<\/span><br \/><span style=\"font-size: 16px;\">2. Henryk Dz.<\/span><br \/><span style=\"font-size: 16px;\">3. Edward K.<\/span><br \/><span style=\"font-size: 16px;\">4. Joachim Z.<\/span><br \/><span style=\"font-size: 16px;\">5. Rafa\u0142 D.<\/span><br \/><span style=\"font-size: 16px;\">6. J\u00f3zef D.<\/span><br \/><span style=\"font-size: 16px;\">7. Tomasz H.<\/span><br \/><span style=\"font-size: 16px;\">8. Krzysztof K.<\/span><br \/><span style=\"font-size: 16px;\">9. Mieczys\u0142aw M.<\/span><br \/><span style=\"font-size: 16px;\">10. Gerard D.<\/span><\/p>\n<p>\u00a0<\/p>\n<p><!-- \/wp:list --><\/p>\t\t\t\t\t\t<\/div>\n\t\t\t\t<\/div>\n\t\t\t\t\t<\/div>\n\t\t<\/div>\n\t\t\t\t<div class=\"elementor-column elementor-col-33 elementor-top-column elementor-element elementor-element-6470556b\" data-id=\"6470556b\" data-element_type=\"column\">\n\t\t\t<div class=\"elementor-widget-wrap elementor-element-populated\">\n\t\t\t\t\t\t\t\t<div class=\"elementor-element elementor-element-7bde8aeb elementor-position-top elementor-vertical-align-top elementor-widget elementor-widget-image-box\" data-id=\"7bde8aeb\" data-element_type=\"widget\" data-widget_type=\"image-box.default\">\n\t\t\t\t<div class=\"elementor-widget-container\">\n\t\t\t<style>\/*! elementor - v3.5.3 - 28-12-2021 *\/\n.elementor-widget-image-box .elementor-image-box-content{width:100%}@media (min-width:768px){.elementor-widget-image-box.elementor-position-left .elementor-image-box-wrapper,.elementor-widget-image-box.elementor-position-right .elementor-image-box-wrapper{display:-webkit-box;display:-ms-flexbox;display:flex}.elementor-widget-image-box.elementor-position-right .elementor-image-box-wrapper{text-align:right;-webkit-box-orient:horizontal;-webkit-box-direction:reverse;-ms-flex-direction:row-reverse;flex-direction:row-reverse}.elementor-widget-image-box.elementor-position-left .elementor-image-box-wrapper{text-align:left;-webkit-box-orient:horizontal;-webkit-box-direction:normal;-ms-flex-direction:row;flex-direction:row}.elementor-widget-image-box.elementor-position-top .elementor-image-box-img{margin:auto}.elementor-widget-image-box.elementor-vertical-align-top .elementor-image-box-wrapper{-webkit-box-align:start;-ms-flex-align:start;align-items:flex-start}.elementor-widget-image-box.elementor-vertical-align-middle .elementor-image-box-wrapper{-webkit-box-align:center;-ms-flex-align:center;align-items:center}.elementor-widget-image-box.elementor-vertical-align-bottom .elementor-image-box-wrapper{-webkit-box-align:end;-ms-flex-align:end;align-items:flex-end}}@media (max-width:767px){.elementor-widget-image-box .elementor-image-box-img{margin-left:auto!important;margin-right:auto!important;margin-bottom:15px}}.elementor-widget-image-box .elementor-image-box-img{display:inline-block}.elementor-widget-image-box .elementor-image-box-title a{color:inherit}.elementor-widget-image-box .elementor-image-box-wrapper{text-align:center}.elementor-widget-image-box .elementor-image-box-description{margin:0}<\/style><div class=\"elementor-image-box-wrapper\"><figure class=\"elementor-image-box-img\"><a href=\"https:\/\/www.tygodnik-rolniczy.pl\/\"><img loading=\"lazy\" decoding=\"async\" width=\"900\" height=\"900\" src=\"https:\/\/zpbccerekiew.pl\/wp-content\/uploads\/2022\/01\/unnamed.jpg\" class=\"elementor-animation-grow attachment-full size-full\" alt=\"\" \/><\/a><\/figure><div class=\"elementor-image-box-content\"><h3 class=\"elementor-image-box-title\"><a href=\"https:\/\/www.tygodnik-rolniczy.pl\/\">Rolniku! B\u0105d\u017a na bie\u017c\u0105co!<\/a><\/h3><p class=\"elementor-image-box-description\">\nTygodnik Poradnik Rolniczy to najwi\u0119ksze czasopismo rolnicze w Polsce oraz znacz\u0105cy portal rolniczy. Na \u0142amach TPR na bie\u017c\u0105co informujemy o cenach rolniczych, dotacjach, maszynach, uprawie, chowie i hodowli zwierz\u0105t, produkcji mleka oraz \u017cyciu wsi.<\/p><\/div><\/div>\t\t<\/div>\n\t\t\t\t<\/div>\n\t\t\t\t<div class=\"elementor-element elementor-element-2b796f5a elementor-position-top elementor-vertical-align-top elementor-widget elementor-widget-image-box\" data-id=\"2b796f5a\" data-element_type=\"widget\" data-widget_type=\"image-box.default\">\n\t\t\t\t<div class=\"elementor-widget-container\">\n\t\t\t<div class=\"elementor-image-box-wrapper\"><figure class=\"elementor-image-box-img\"><a href=\"https:\/\/ppbc.com.pl\/\"><img loading=\"lazy\" decoding=\"async\" width=\"370\" height=\"159\" src=\"https:\/\/zpbccerekiew.pl\/wp-content\/uploads\/2022\/01\/poradnik-1.png\" class=\"elementor-animation-grow attachment-full size-full\" alt=\"\" \/><\/a><\/figure><div class=\"elementor-image-box-content\"><h3 class=\"elementor-image-box-title\"><a href=\"https:\/\/ppbc.com.pl\/\">Poradnik Plantatora Buraka Cukrowego<\/a><\/h3><p class=\"elementor-image-box-description\">PPBC jest pismem Krajowego Zwi\u0105zku Plantator\u00f3w Buraka Cukrowego, organizacji zrzeszaj\u0105cej 35 tysi\u0119cy polskich plantator\u00f3w buraka cukrowego. Ukazuje si\u0119 od 1998 r. i jest kontynuatorem \u201ePoradnika Plantatora\u201d \u2013 organu Krajowego Zwi\u0105zku Plantator\u00f3w Ro\u015blin Okopowych w latach 1946-1991. Obecnie KZPBC jest r\u00f3wnie\u017c wydawc\u0105 PPBC. Pismo posiada stabiln\u0105 baz\u0119 prenumeraty, dystrybuowane jest tak\u017ce podczas konferencji i imprez plenerowych.<\/p><\/div><\/div>\t\t<\/div>\n\t\t\t\t<\/div>\n\t\t\t\t<div class=\"elementor-element elementor-element-135cd3bc elementor-widget elementor-widget-facebook-page\" data-id=\"135cd3bc\" data-element_type=\"widget\" data-widget_type=\"facebook-page.default\">\n\t\t\t\t<div class=\"elementor-widget-container\">\n\t\t\t<style>\/*! elementor-pro - v3.5.2 - 28-11-2021 *\/\n.elementor-facebook-widget.fb_iframe_widget,.elementor-facebook-widget.fb_iframe_widget span{width:100%!important}.elementor-facebook-widget.fb_iframe_widget iframe{position:relative;width:100%!important}.elementor-facebook-widget.fb-like{height:1px}.elementor-widget-facebook-comments iframe{width:100%!important}<\/style><div class=\"elementor-facebook-widget fb-page\" data-href=\"https:\/\/www.facebook.com\/TPRolniczy\/\" data-tabs=\"timeline\" data-height=\"620px\" data-width=\"500px\" data-small-header=\"false\" data-hide-cover=\"false\" data-show-facepile=\"true\" data-hide-cta=\"false\" style=\"min-height: 1px;height:620px\"><\/div>\t\t<\/div>\n\t\t\t\t<\/div>\n\t\t\t\t\t<\/div>\n\t\t<\/div>\n\t\t\t\t\t\t\t<\/div>\n\t\t<\/section>\n\t\t\t\t\t\t<\/div>\n\t\t\t\t\t<\/div>\n\t\t","protected":false},"excerpt":{"rendered":"<p>Zwi\u0105zek Plantator\u00f3w Buraka Cukrowego przy Sudzucker Polska z siedzib\u0105 przy Zak\u0142adzie Produkcyjnym \u201dCukrownia Cerekiew\u201d w Ci\u0119\u017ckowicach Adres siedziby: Ci\u0119\u017ckowice, ul. Fabryczna 13, 47-260 Polska Cerekiew BIURO ZPBC Tel.: 507 333 072 ZWI\u0104ZEK PLANTATOR\u00d3W BURAKA CUKROWEGO PRZY S\u00dcDZUCKER POLSKA Z SIEDZIB\u0104 PRZY ZAK\u0141ADZIE PRODUKCYJNYM \u201eCUKROWNIA CEREKIEW\u201d Sk\u0142ad Zarz\u0105du: Sylweriusz Preussner\u00a0 \u00a0 \u00a0\u2013 Prezes Mieczys\u0142aw Mysliwy\u00a0 \u00a0 [&hellip;]<\/p>\n","protected":false},"author":1,"featured_media":157,"parent":0,"menu_order":29,"comment_status":"closed","ping_status":"closed","template":"","meta":{"footnotes":""},"_links":{"self":[{"href":"https:\/\/zpbccerekiew.pl\/index.php?rest_route=\/wp\/v2\/pages\/156"}],"collection":[{"href":"https:\/\/zpbccerekiew.pl\/index.php?rest_route=\/wp\/v2\/pages"}],"about":[{"href":"https:\/\/zpbccerekiew.pl\/index.php?rest_route=\/wp\/v2\/types\/page"}],"author":[{"embeddable":true,"href":"https:\/\/zpbccerekiew.pl\/index.php?rest_route=\/wp\/v2\/users\/1"}],"replies":[{"embeddable":true,"href":"https:\/\/zpbccerekiew.pl\/index.php?rest_route=%2Fwp%2Fv2%2Fcomments&post=156"}],"version-history":[{"count":35,"href":"https:\/\/zpbccerekiew.pl\/index.php?rest_route=\/wp\/v2\/pages\/156\/revisions"}],"predecessor-version":[{"id":2182,"href":"https:\/\/zpbccerekiew.pl\/index.php?rest_route=\/wp\/v2\/pages\/156\/revisions\/2182"}],"wp:featuredmedia":[{"embeddable":true,"href":"https:\/\/zpbccerekiew.pl\/index.php?rest_route=\/wp\/v2\/media\/157"}],"wp:attachment":[{"href":"https:\/\/zpbccerekiew.pl\/index.php?rest_route=%2Fwp%2Fv2%2Fmedia&parent=156"}],"curies":[{"name":"wp","href":"https:\/\/api.w.org\/{rel}","templated":true}]}}