{"id":159,"date":"2021-03-17T10:35:01","date_gmt":"2021-03-17T10:35:01","guid":{"rendered":"http:\/\/zpbc.webd.pl\/zpbccerekiewWP\/?page_id=159"},"modified":"2024-01-10T18:31:28","modified_gmt":"2024-01-10T18:31:28","slug":"cele-i-zadania","status":"publish","type":"page","link":"https:\/\/zpbccerekiew.pl\/?page_id=159","title":{"rendered":"Cele i zadania"},"content":{"rendered":"\t\t<div data-elementor-type=\"wp-page\" data-elementor-id=\"159\" class=\"elementor elementor-159\" data-elementor-settings=\"[]\">\n\t\t\t\t\t\t\t<div class=\"elementor-section-wrap\">\n\t\t\t\t\t\t\t<section class=\"elementor-section elementor-top-section elementor-element elementor-element-191fc179 elementor-section-stretched elementor-section-boxed elementor-section-height-default elementor-section-height-default\" data-id=\"191fc179\" data-element_type=\"section\" data-settings=\"{&quot;stretch_section&quot;:&quot;section-stretched&quot;,&quot;background_background&quot;:&quot;classic&quot;}\">\n\t\t\t\t\t\t<div class=\"elementor-container elementor-column-gap-default\">\n\t\t\t\t\t<div class=\"elementor-column elementor-col-100 elementor-top-column elementor-element elementor-element-701d54ed\" data-id=\"701d54ed\" data-element_type=\"column\">\n\t\t\t<div class=\"elementor-widget-wrap elementor-element-populated\">\n\t\t\t\t\t\t\t\t<section class=\"elementor-section elementor-inner-section elementor-element elementor-element-7e280776 elementor-section-boxed elementor-section-height-default elementor-section-height-default\" data-id=\"7e280776\" data-element_type=\"section\">\n\t\t\t\t\t\t<div class=\"elementor-container elementor-column-gap-default\">\n\t\t\t\t\t<div class=\"elementor-column elementor-col-50 elementor-inner-column elementor-element elementor-element-5723ada3\" data-id=\"5723ada3\" data-element_type=\"column\">\n\t\t\t<div class=\"elementor-widget-wrap elementor-element-populated\">\n\t\t\t\t\t\t\t\t<div class=\"elementor-element elementor-element-1a749928 elementor-widget elementor-widget-image\" data-id=\"1a749928\" data-element_type=\"widget\" data-widget_type=\"image.default\">\n\t\t\t\t<div class=\"elementor-widget-container\">\n\t\t\t<style>\/*! elementor - v3.5.3 - 28-12-2021 *\/\n.elementor-widget-image{text-align:center}.elementor-widget-image a{display:inline-block}.elementor-widget-image a img[src$=\".svg\"]{width:48px}.elementor-widget-image img{vertical-align:middle;display:inline-block}<\/style>\t\t\t\t\t\t\t\t\t\t\t\t<img loading=\"lazy\" decoding=\"async\" width=\"100\" height=\"100\" src=\"https:\/\/zpbccerekiew.pl\/wp-content\/uploads\/2022\/01\/logoPNG.png\" class=\"attachment-large size-large\" alt=\"\" srcset=\"https:\/\/zpbccerekiew.pl\/wp-content\/uploads\/2022\/01\/logoPNG.png 100w, https:\/\/zpbccerekiew.pl\/wp-content\/uploads\/2022\/01\/logoPNG-60x60.png 60w\" sizes=\"(max-width: 100px) 100vw, 100px\" \/>\t\t\t\t\t\t\t\t\t\t\t\t\t\t\t<\/div>\n\t\t\t\t<\/div>\n\t\t\t\t\t<\/div>\n\t\t<\/div>\n\t\t\t\t<div class=\"elementor-column elementor-col-50 elementor-inner-column elementor-element elementor-element-49850565\" data-id=\"49850565\" data-element_type=\"column\">\n\t\t\t<div class=\"elementor-widget-wrap elementor-element-populated\">\n\t\t\t\t\t\t\t\t<div class=\"elementor-element elementor-element-756ec7e8 elementor-widget elementor-widget-heading\" data-id=\"756ec7e8\" data-element_type=\"widget\" data-widget_type=\"heading.default\">\n\t\t\t\t<div class=\"elementor-widget-container\">\n\t\t\t<style>\/*! elementor - v3.5.3 - 28-12-2021 *\/\n.elementor-heading-title{padding:0;margin:0;line-height:1}.elementor-widget-heading .elementor-heading-title[class*=elementor-size-]>a{color:inherit;font-size:inherit;line-height:inherit}.elementor-widget-heading .elementor-heading-title.elementor-size-small{font-size:15px}.elementor-widget-heading .elementor-heading-title.elementor-size-medium{font-size:19px}.elementor-widget-heading .elementor-heading-title.elementor-size-large{font-size:29px}.elementor-widget-heading .elementor-heading-title.elementor-size-xl{font-size:39px}.elementor-widget-heading .elementor-heading-title.elementor-size-xxl{font-size:59px}<\/style><h2 class=\"elementor-heading-title elementor-size-default\">Zwi\u0105zek Plantator\u00f3w Buraka Cukrowego przy Sudzucker Polska z siedzib\u0105 przy Zak\u0142adzie Produkcyjnym \u201dCukrownia Cerekiew\u201d  w Ci\u0119\u017ckowicach<\/h2>\t\t<\/div>\n\t\t\t\t<\/div>\n\t\t\t\t\t<\/div>\n\t\t<\/div>\n\t\t\t\t\t\t\t<\/div>\n\t\t<\/section>\n\t\t\t\t\t<\/div>\n\t\t<\/div>\n\t\t\t\t\t\t\t<\/div>\n\t\t<\/section>\n\t\t\t\t<section class=\"elementor-section elementor-top-section elementor-element elementor-element-1149f493 elementor-section-boxed elementor-section-height-default elementor-section-height-default\" data-id=\"1149f493\" data-element_type=\"section\" data-settings=\"{&quot;background_background&quot;:&quot;classic&quot;}\">\n\t\t\t\t\t\t<div class=\"elementor-container elementor-column-gap-extended\">\n\t\t\t\t\t<div class=\"elementor-column elementor-col-33 elementor-top-column elementor-element elementor-element-40bdd8e0\" data-id=\"40bdd8e0\" data-element_type=\"column\">\n\t\t\t<div class=\"elementor-widget-wrap elementor-element-populated\">\n\t\t\t\t\t\t\t\t<div class=\"elementor-element elementor-element-35775adb elementor-nav-menu--dropdown-tablet elementor-nav-menu__text-align-aside elementor-nav-menu--toggle elementor-nav-menu--burger elementor-widget elementor-widget-nav-menu\" data-id=\"35775adb\" data-element_type=\"widget\" data-settings=\"{&quot;layout&quot;:&quot;vertical&quot;,&quot;submenu_icon&quot;:{&quot;value&quot;:&quot;&lt;i class=\\&quot;\\&quot;&gt;&lt;\\\/i&gt;&quot;,&quot;library&quot;:&quot;&quot;},&quot;toggle&quot;:&quot;burger&quot;}\" data-widget_type=\"nav-menu.default\">\n\t\t\t\t<div class=\"elementor-widget-container\">\n\t\t\t<link rel=\"stylesheet\" href=\"https:\/\/zpbccerekiew.pl\/wp-content\/plugins\/elementor-pro\/assets\/css\/widget-nav-menu.min.css\">\t\t\t<nav migration_allowed=\"1\" migrated=\"0\" role=\"navigation\" class=\"elementor-nav-menu--main elementor-nav-menu__container elementor-nav-menu--layout-vertical e--pointer-underline e--animation-fade\">\n\t\t\t\t<ul id=\"menu-1-35775adb\" class=\"elementor-nav-menu sm-vertical\"><li class=\"menu-item menu-item-type-post_type menu-item-object-page menu-item-home menu-item-1152\"><a href=\"https:\/\/zpbccerekiew.pl\/\" class=\"elementor-item\">Strona G\u0142\u00f3wna<\/a><\/li>\n<li class=\"menu-item menu-item-type-post_type menu-item-object-page menu-item-557\"><a href=\"https:\/\/zpbccerekiew.pl\/?page_id=159\" class=\"elementor-item\">Cele i zadania<\/a><\/li>\n<li class=\"menu-item menu-item-type-post_type menu-item-object-page menu-item-558\"><a href=\"https:\/\/zpbccerekiew.pl\/?page_id=209\" class=\"elementor-item\">CIBE<\/a><\/li>\n<li class=\"menu-item menu-item-type-post_type menu-item-object-page menu-item-1202\"><a href=\"https:\/\/zpbccerekiew.pl\/?page_id=1197\" class=\"elementor-item\">Statut<\/a><\/li>\n<li class=\"menu-item menu-item-type-post_type menu-item-object-page menu-item-559\"><a href=\"https:\/\/zpbccerekiew.pl\/?page_id=161\" class=\"elementor-item\">Grupa Plantator<\/a><\/li>\n<li class=\"menu-item menu-item-type-post_type menu-item-object-page menu-item-560\"><a href=\"https:\/\/zpbccerekiew.pl\/?page_id=153\" class=\"elementor-item\">Historia Zwi\u0105zku Plantator\u00f3w<\/a><\/li>\n<li class=\"menu-item menu-item-type-post_type menu-item-object-page menu-item-581\"><a href=\"https:\/\/zpbccerekiew.pl\/?page_id=211\" class=\"elementor-item\">Wycieczki<\/a><\/li>\n<li class=\"menu-item menu-item-type-post_type menu-item-object-page menu-item-582\"><a href=\"https:\/\/zpbccerekiew.pl\/?page_id=156\" class=\"elementor-item\">Zarz\u0105d Zwi\u0105zku<\/a><\/li>\n<li class=\"menu-item menu-item-type-post_type menu-item-object-page menu-item-561\"><a href=\"https:\/\/zpbccerekiew.pl\/?page_id=147\" class=\"elementor-item\">Kontakt<\/a><\/li>\n<\/ul>\t\t\t<\/nav>\n\t\t\t\t\t<div class=\"elementor-menu-toggle\" role=\"button\" tabindex=\"0\" aria-label=\"Menu Toggle\" aria-expanded=\"false\">\n\t\t\t<i aria-hidden=\"true\" role=\"presentation\" class=\"elementor-menu-toggle__icon--open eicon-menu-bar\"><\/i><i aria-hidden=\"true\" role=\"presentation\" class=\"elementor-menu-toggle__icon--close eicon-close\"><\/i>\t\t\t<span class=\"elementor-screen-only\">Menu<\/span>\n\t\t<\/div>\n\t\t\t<nav class=\"elementor-nav-menu--dropdown elementor-nav-menu__container\" role=\"navigation\" aria-hidden=\"true\">\n\t\t\t\t<ul id=\"menu-2-35775adb\" class=\"elementor-nav-menu sm-vertical\"><li class=\"menu-item menu-item-type-post_type menu-item-object-page menu-item-home menu-item-1152\"><a href=\"https:\/\/zpbccerekiew.pl\/\" class=\"elementor-item\" tabindex=\"-1\">Strona G\u0142\u00f3wna<\/a><\/li>\n<li class=\"menu-item menu-item-type-post_type menu-item-object-page menu-item-557\"><a href=\"https:\/\/zpbccerekiew.pl\/?page_id=159\" class=\"elementor-item\" tabindex=\"-1\">Cele i zadania<\/a><\/li>\n<li class=\"menu-item menu-item-type-post_type menu-item-object-page menu-item-558\"><a href=\"https:\/\/zpbccerekiew.pl\/?page_id=209\" class=\"elementor-item\" tabindex=\"-1\">CIBE<\/a><\/li>\n<li class=\"menu-item menu-item-type-post_type menu-item-object-page menu-item-1202\"><a href=\"https:\/\/zpbccerekiew.pl\/?page_id=1197\" class=\"elementor-item\" tabindex=\"-1\">Statut<\/a><\/li>\n<li class=\"menu-item menu-item-type-post_type menu-item-object-page menu-item-559\"><a href=\"https:\/\/zpbccerekiew.pl\/?page_id=161\" class=\"elementor-item\" tabindex=\"-1\">Grupa Plantator<\/a><\/li>\n<li class=\"menu-item menu-item-type-post_type menu-item-object-page menu-item-560\"><a href=\"https:\/\/zpbccerekiew.pl\/?page_id=153\" class=\"elementor-item\" tabindex=\"-1\">Historia Zwi\u0105zku Plantator\u00f3w<\/a><\/li>\n<li class=\"menu-item menu-item-type-post_type menu-item-object-page menu-item-581\"><a href=\"https:\/\/zpbccerekiew.pl\/?page_id=211\" class=\"elementor-item\" tabindex=\"-1\">Wycieczki<\/a><\/li>\n<li class=\"menu-item menu-item-type-post_type menu-item-object-page menu-item-582\"><a href=\"https:\/\/zpbccerekiew.pl\/?page_id=156\" class=\"elementor-item\" tabindex=\"-1\">Zarz\u0105d Zwi\u0105zku<\/a><\/li>\n<li class=\"menu-item menu-item-type-post_type menu-item-object-page menu-item-561\"><a href=\"https:\/\/zpbccerekiew.pl\/?page_id=147\" class=\"elementor-item\" tabindex=\"-1\">Kontakt<\/a><\/li>\n<\/ul>\t\t\t<\/nav>\n\t\t\t\t<\/div>\n\t\t\t\t<\/div>\n\t\t\t\t<div class=\"elementor-element elementor-element-2ae86248 elementor-widget elementor-widget-heading\" data-id=\"2ae86248\" data-element_type=\"widget\" data-widget_type=\"heading.default\">\n\t\t\t\t<div class=\"elementor-widget-container\">\n\t\t\t<h2 class=\"elementor-heading-title elementor-size-default\">Adres siedziby:<br>\nCi\u0119\u017ckowice, ul. Fabryczna 13, \n47-260 Polska Cerekiew\nBIURO ZPBC <br>  Tel.: 507 333 072<\/h2>\t\t<\/div>\n\t\t\t\t<\/div>\n\t\t\t\t<div class=\"elementor-element elementor-element-4dec9ce6 elementor-widget elementor-widget-google_maps\" data-id=\"4dec9ce6\" data-element_type=\"widget\" data-widget_type=\"google_maps.default\">\n\t\t\t\t<div class=\"elementor-widget-container\">\n\t\t\t<style>\/*! elementor - v3.5.3 - 28-12-2021 *\/\n.elementor-widget-google_maps .elementor-widget-container{overflow:hidden}.elementor-widget-google_maps iframe{height:300px}<\/style>\t\t<div class=\"elementor-custom-embed\">\n\t\t\t<iframe frameborder=\"0\" scrolling=\"no\" marginheight=\"0\" marginwidth=\"0\"\n\t\t\t\t\tsrc=\"https:\/\/maps.google.com\/maps?q=Ci%C4%99%C5%BCkowice%2C%20ul.%20Fabryczna%2013&#038;t=m&#038;z=10&#038;output=embed&#038;iwloc=near\"\n\t\t\t\t\ttitle=\"Ci\u0119\u017ckowice, ul. Fabryczna 13\"\n\t\t\t\t\taria-label=\"Ci\u0119\u017ckowice, ul. Fabryczna 13\"\n\t\t\t><\/iframe>\n\t\t<\/div>\n\t\t\t\t<\/div>\n\t\t\t\t<\/div>\n\t\t\t\t<div class=\"elementor-element elementor-element-3889660e elementor-widget elementor-widget-spacer\" data-id=\"3889660e\" data-element_type=\"widget\" data-widget_type=\"spacer.default\">\n\t\t\t\t<div class=\"elementor-widget-container\">\n\t\t\t\t\t<div class=\"elementor-spacer\">\n\t\t\t<div class=\"elementor-spacer-inner\"><\/div>\n\t\t<\/div>\n\t\t\t\t<\/div>\n\t\t\t\t<\/div>\n\t\t\t\t\t<\/div>\n\t\t<\/div>\n\t\t\t\t<div class=\"elementor-column elementor-col-33 elementor-top-column elementor-element elementor-element-37b59e4b\" data-id=\"37b59e4b\" data-element_type=\"column\" data-settings=\"{&quot;background_background&quot;:&quot;classic&quot;}\">\n\t\t\t<div class=\"elementor-widget-wrap elementor-element-populated\">\n\t\t\t\t\t<div class=\"elementor-background-overlay\"><\/div>\n\t\t\t\t\t\t\t\t<div class=\"elementor-element elementor-element-d5b151f elementor-widget elementor-widget-text-editor\" data-id=\"d5b151f\" data-element_type=\"widget\" data-widget_type=\"text-editor.default\">\n\t\t\t\t<div class=\"elementor-widget-container\">\n\t\t\t<style>\/*! elementor - v3.5.3 - 28-12-2021 *\/\n.elementor-widget-text-editor.elementor-drop-cap-view-stacked .elementor-drop-cap{background-color:#818a91;color:#fff}.elementor-widget-text-editor.elementor-drop-cap-view-framed .elementor-drop-cap{color:#818a91;border:3px solid;background-color:transparent}.elementor-widget-text-editor:not(.elementor-drop-cap-view-default) .elementor-drop-cap{margin-top:8px}.elementor-widget-text-editor:not(.elementor-drop-cap-view-default) .elementor-drop-cap-letter{width:1em;height:1em}.elementor-widget-text-editor .elementor-drop-cap{float:left;text-align:center;line-height:1;font-size:50px}.elementor-widget-text-editor .elementor-drop-cap-letter{display:inline-block}<\/style>\t\t\t\t<h6><strong>G\u0142\u00f3wne Cele i zadania Zwi\u0105zku:<\/strong><\/h6>\n<ul>\n<li>Reprezentowanie interes\u00f3w swoich cz\u0142onk\u00f3w i obrona ich praw,<\/li>\n<li>Udzia\u0142 w opracowaniu przepis\u00f3w prawnych reguluj\u0105cych zagadnienia kontraktacji, cen skupu, zasad odbioru surowca,<\/li>\n<li>Umo\u017cliwienie nabycia \u015brodk\u00f3w ochrony ro\u015blin, jak r\u00f3wnie\u017c nasion buraka w ta\u0144szej cenie,<\/li>\n<li>Organizowanie szkole\u0144 i kurs\u00f3w specjalistycznych, wycieczek, pokaz\u00f3w, wystaw, wdra\u017canie i upowszechnianie osi\u0105gni\u0119\u0107 instytut\u00f3w i plac\u00f3wek naukowych krajowych i zagranicznych,<\/li>\n<li>Pomoc przy wype\u0142nianiu wniosk\u00f3w do ARiMR oraz ARR ,<\/li>\n<li>\u015acis\u0142a kontrola z Cukrowni\u0105 maszyn doczyszczaj\u0105cych bior\u0105cych udzia\u0142 w kampanii buraczanej ,<\/li>\n<li>Sprawowanie kontroli w zakresie oceny jako\u015bci burak\u00f3w, kontroli jako\u015bci pr\u00f3b na cukier podejmowanie wsp\u00f3\u0142pracy z innymi Zwi\u0105zkami<\/li>\n<\/ul>\t\t\t\t\t\t<\/div>\n\t\t\t\t<\/div>\n\t\t\t\t\t<\/div>\n\t\t<\/div>\n\t\t\t\t<div class=\"elementor-column elementor-col-33 elementor-top-column elementor-element elementor-element-77fcab2b\" data-id=\"77fcab2b\" data-element_type=\"column\">\n\t\t\t<div class=\"elementor-widget-wrap elementor-element-populated\">\n\t\t\t\t\t\t\t\t<div class=\"elementor-element elementor-element-361a3e78 elementor-position-top elementor-vertical-align-top elementor-widget elementor-widget-image-box\" data-id=\"361a3e78\" data-element_type=\"widget\" data-widget_type=\"image-box.default\">\n\t\t\t\t<div class=\"elementor-widget-container\">\n\t\t\t<style>\/*! elementor - v3.5.3 - 28-12-2021 *\/\n.elementor-widget-image-box .elementor-image-box-content{width:100%}@media (min-width:768px){.elementor-widget-image-box.elementor-position-left .elementor-image-box-wrapper,.elementor-widget-image-box.elementor-position-right .elementor-image-box-wrapper{display:-webkit-box;display:-ms-flexbox;display:flex}.elementor-widget-image-box.elementor-position-right .elementor-image-box-wrapper{text-align:right;-webkit-box-orient:horizontal;-webkit-box-direction:reverse;-ms-flex-direction:row-reverse;flex-direction:row-reverse}.elementor-widget-image-box.elementor-position-left .elementor-image-box-wrapper{text-align:left;-webkit-box-orient:horizontal;-webkit-box-direction:normal;-ms-flex-direction:row;flex-direction:row}.elementor-widget-image-box.elementor-position-top .elementor-image-box-img{margin:auto}.elementor-widget-image-box.elementor-vertical-align-top .elementor-image-box-wrapper{-webkit-box-align:start;-ms-flex-align:start;align-items:flex-start}.elementor-widget-image-box.elementor-vertical-align-middle .elementor-image-box-wrapper{-webkit-box-align:center;-ms-flex-align:center;align-items:center}.elementor-widget-image-box.elementor-vertical-align-bottom .elementor-image-box-wrapper{-webkit-box-align:end;-ms-flex-align:end;align-items:flex-end}}@media (max-width:767px){.elementor-widget-image-box .elementor-image-box-img{margin-left:auto!important;margin-right:auto!important;margin-bottom:15px}}.elementor-widget-image-box .elementor-image-box-img{display:inline-block}.elementor-widget-image-box .elementor-image-box-title a{color:inherit}.elementor-widget-image-box .elementor-image-box-wrapper{text-align:center}.elementor-widget-image-box .elementor-image-box-description{margin:0}<\/style><div class=\"elementor-image-box-wrapper\"><figure class=\"elementor-image-box-img\"><img loading=\"lazy\" decoding=\"async\" width=\"900\" height=\"900\" src=\"https:\/\/zpbccerekiew.pl\/wp-content\/uploads\/2022\/01\/unnamed.jpg\" class=\"attachment-full size-full\" alt=\"\" \/><\/figure><div class=\"elementor-image-box-content\"><h3 class=\"elementor-image-box-title\">Rolniku! B\u0105d\u017a na bie\u017c\u0105co!<\/h3><p class=\"elementor-image-box-description\">\nTygodnik Poradnik Rolniczy to najwi\u0119ksze czasopismo rolnicze w Polsce oraz znacz\u0105cy portal rolniczy. Na \u0142amach TPR na bie\u017c\u0105co informujemy o cenach rolniczych, dotacjach, maszynach, uprawie, chowie i hodowli zwierz\u0105t, produkcji mleka oraz \u017cyciu wsi.<\/p><\/div><\/div>\t\t<\/div>\n\t\t\t\t<\/div>\n\t\t\t\t<div class=\"elementor-element elementor-element-28e4654b elementor-position-top elementor-vertical-align-top elementor-widget elementor-widget-image-box\" data-id=\"28e4654b\" data-element_type=\"widget\" data-widget_type=\"image-box.default\">\n\t\t\t\t<div class=\"elementor-widget-container\">\n\t\t\t<div class=\"elementor-image-box-wrapper\"><figure class=\"elementor-image-box-img\"><img loading=\"lazy\" decoding=\"async\" width=\"370\" height=\"159\" src=\"https:\/\/zpbccerekiew.pl\/wp-content\/uploads\/2022\/01\/poradnik-1.png\" class=\"attachment-full size-full\" alt=\"\" \/><\/figure><div class=\"elementor-image-box-content\"><h3 class=\"elementor-image-box-title\">Poradnik Plantatora Buraka Cukrowego<\/h3><p class=\"elementor-image-box-description\">PPBC jest pismem Krajowego Zwi\u0105zku Plantator\u00f3w Buraka Cukrowego, organizacji zrzeszaj\u0105cej 35 tysi\u0119cy polskich plantator\u00f3w buraka cukrowego. Ukazuje si\u0119 od 1998 r. i jest kontynuatorem \u201ePoradnika Plantatora\u201d \u2013 organu Krajowego Zwi\u0105zku Plantator\u00f3w Ro\u015blin Okopowych w latach 1946-1991. Obecnie KZPBC jest r\u00f3wnie\u017c wydawc\u0105 PPBC. Pismo posiada stabiln\u0105 baz\u0119 prenumeraty, dystrybuowane jest tak\u017ce podczas konferencji i imprez plenerowych.<\/p><\/div><\/div>\t\t<\/div>\n\t\t\t\t<\/div>\n\t\t\t\t<div class=\"elementor-element elementor-element-2e469dee elementor-widget elementor-widget-facebook-page\" data-id=\"2e469dee\" data-element_type=\"widget\" data-widget_type=\"facebook-page.default\">\n\t\t\t\t<div class=\"elementor-widget-container\">\n\t\t\t<style>\/*! elementor-pro - v3.5.2 - 28-11-2021 *\/\n.elementor-facebook-widget.fb_iframe_widget,.elementor-facebook-widget.fb_iframe_widget span{width:100%!important}.elementor-facebook-widget.fb_iframe_widget iframe{position:relative;width:100%!important}.elementor-facebook-widget.fb-like{height:1px}.elementor-widget-facebook-comments iframe{width:100%!important}<\/style><div class=\"elementor-facebook-widget fb-page\" data-href=\"https:\/\/www.facebook.com\/TPRolniczy\/\" data-tabs=\"timeline\" data-height=\"620px\" data-width=\"500px\" data-small-header=\"false\" data-hide-cover=\"false\" data-show-facepile=\"true\" data-hide-cta=\"false\" style=\"min-height: 1px;height:620px\"><\/div>\t\t<\/div>\n\t\t\t\t<\/div>\n\t\t\t\t\t<\/div>\n\t\t<\/div>\n\t\t\t\t\t\t\t<\/div>\n\t\t<\/section>\n\t\t\t\t\t\t<\/div>\n\t\t\t\t\t<\/div>\n\t\t","protected":false},"excerpt":{"rendered":"<p>Zwi\u0105zek Plantator\u00f3w Buraka Cukrowego przy Sudzucker Polska z siedzib\u0105 przy Zak\u0142adzie Produkcyjnym \u201dCukrownia Cerekiew\u201d w Ci\u0119\u017ckowicach Adres siedziby: Ci\u0119\u017ckowice, ul. Fabryczna 13, 47-260 Polska Cerekiew BIURO ZPBC Tel.: 507 333 072 G\u0142\u00f3wne Cele i zadania Zwi\u0105zku: Reprezentowanie interes\u00f3w swoich cz\u0142onk\u00f3w i obrona ich praw, Udzia\u0142 w opracowaniu przepis\u00f3w prawnych reguluj\u0105cych zagadnienia kontraktacji, cen skupu, zasad [&hellip;]<\/p>\n","protected":false},"author":1,"featured_media":0,"parent":0,"menu_order":2,"comment_status":"closed","ping_status":"closed","template":"","meta":{"footnotes":""},"_links":{"self":[{"href":"https:\/\/zpbccerekiew.pl\/index.php?rest_route=\/wp\/v2\/pages\/159"}],"collection":[{"href":"https:\/\/zpbccerekiew.pl\/index.php?rest_route=\/wp\/v2\/pages"}],"about":[{"href":"https:\/\/zpbccerekiew.pl\/index.php?rest_route=\/wp\/v2\/types\/page"}],"author":[{"embeddable":true,"href":"https:\/\/zpbccerekiew.pl\/index.php?rest_route=\/wp\/v2\/users\/1"}],"replies":[{"embeddable":true,"href":"https:\/\/zpbccerekiew.pl\/index.php?rest_route=%2Fwp%2Fv2%2Fcomments&post=159"}],"version-history":[{"count":29,"href":"https:\/\/zpbccerekiew.pl\/index.php?rest_route=\/wp\/v2\/pages\/159\/revisions"}],"predecessor-version":[{"id":1569,"href":"https:\/\/zpbccerekiew.pl\/index.php?rest_route=\/wp\/v2\/pages\/159\/revisions\/1569"}],"wp:attachment":[{"href":"https:\/\/zpbccerekiew.pl\/index.php?rest_route=%2Fwp%2Fv2%2Fmedia&parent=159"}],"curies":[{"name":"wp","href":"https:\/\/api.w.org\/{rel}","templated":true}]}}