{"id":209,"date":"2021-03-17T11:38:32","date_gmt":"2021-03-17T11:38:32","guid":{"rendered":"http:\/\/zpbccerekiew.pl\/?page_id=209"},"modified":"2025-05-29T05:32:13","modified_gmt":"2025-05-29T05:32:13","slug":"cibe","status":"publish","type":"page","link":"https:\/\/zpbccerekiew.pl\/?page_id=209","title":{"rendered":"CIBE"},"content":{"rendered":"\t\t<div data-elementor-type=\"wp-page\" data-elementor-id=\"209\" class=\"elementor elementor-209\" data-elementor-settings=\"[]\">\n\t\t\t\t\t\t\t<div class=\"elementor-section-wrap\">\n\t\t\t\t\t\t\t<section class=\"elementor-section elementor-top-section elementor-element elementor-element-701d9817 elementor-section-stretched elementor-section-boxed elementor-section-height-default elementor-section-height-default\" data-id=\"701d9817\" data-element_type=\"section\" data-settings=\"{&quot;stretch_section&quot;:&quot;section-stretched&quot;,&quot;background_background&quot;:&quot;classic&quot;}\">\n\t\t\t\t\t\t<div class=\"elementor-container elementor-column-gap-default\">\n\t\t\t\t\t<div class=\"elementor-column elementor-col-100 elementor-top-column elementor-element elementor-element-1feeac99\" data-id=\"1feeac99\" data-element_type=\"column\">\n\t\t\t<div class=\"elementor-widget-wrap elementor-element-populated\">\n\t\t\t\t\t\t\t\t<section class=\"elementor-section elementor-inner-section elementor-element elementor-element-2b074439 elementor-section-boxed elementor-section-height-default elementor-section-height-default\" data-id=\"2b074439\" data-element_type=\"section\">\n\t\t\t\t\t\t<div class=\"elementor-container elementor-column-gap-default\">\n\t\t\t\t\t<div class=\"elementor-column elementor-col-50 elementor-inner-column elementor-element elementor-element-4673ebe5\" data-id=\"4673ebe5\" data-element_type=\"column\">\n\t\t\t<div class=\"elementor-widget-wrap elementor-element-populated\">\n\t\t\t\t\t\t\t\t<div class=\"elementor-element elementor-element-3cc08038 elementor-widget elementor-widget-image\" data-id=\"3cc08038\" data-element_type=\"widget\" data-widget_type=\"image.default\">\n\t\t\t\t<div class=\"elementor-widget-container\">\n\t\t\t<style>\/*! elementor - v3.5.3 - 28-12-2021 *\/\n.elementor-widget-image{text-align:center}.elementor-widget-image a{display:inline-block}.elementor-widget-image a img[src$=\".svg\"]{width:48px}.elementor-widget-image img{vertical-align:middle;display:inline-block}<\/style>\t\t\t\t\t\t\t\t\t\t\t\t<img loading=\"lazy\" decoding=\"async\" width=\"100\" height=\"100\" src=\"https:\/\/zpbccerekiew.pl\/wp-content\/uploads\/2022\/01\/logoPNG.png\" class=\"attachment-large size-large\" alt=\"\" srcset=\"https:\/\/zpbccerekiew.pl\/wp-content\/uploads\/2022\/01\/logoPNG.png 100w, https:\/\/zpbccerekiew.pl\/wp-content\/uploads\/2022\/01\/logoPNG-60x60.png 60w\" sizes=\"(max-width: 100px) 100vw, 100px\" \/>\t\t\t\t\t\t\t\t\t\t\t\t\t\t\t<\/div>\n\t\t\t\t<\/div>\n\t\t\t\t\t<\/div>\n\t\t<\/div>\n\t\t\t\t<div class=\"elementor-column elementor-col-50 elementor-inner-column elementor-element elementor-element-33d8176f\" data-id=\"33d8176f\" data-element_type=\"column\">\n\t\t\t<div class=\"elementor-widget-wrap elementor-element-populated\">\n\t\t\t\t\t\t\t\t<div class=\"elementor-element elementor-element-248a0b8a elementor-widget elementor-widget-heading\" data-id=\"248a0b8a\" data-element_type=\"widget\" data-widget_type=\"heading.default\">\n\t\t\t\t<div class=\"elementor-widget-container\">\n\t\t\t<style>\/*! elementor - v3.5.3 - 28-12-2021 *\/\n.elementor-heading-title{padding:0;margin:0;line-height:1}.elementor-widget-heading .elementor-heading-title[class*=elementor-size-]>a{color:inherit;font-size:inherit;line-height:inherit}.elementor-widget-heading .elementor-heading-title.elementor-size-small{font-size:15px}.elementor-widget-heading .elementor-heading-title.elementor-size-medium{font-size:19px}.elementor-widget-heading .elementor-heading-title.elementor-size-large{font-size:29px}.elementor-widget-heading .elementor-heading-title.elementor-size-xl{font-size:39px}.elementor-widget-heading .elementor-heading-title.elementor-size-xxl{font-size:59px}<\/style><h2 class=\"elementor-heading-title elementor-size-default\">Zwi\u0105zek Plantator\u00f3w Buraka Cukrowego przy Sudzucker Polska z siedzib\u0105 przy Zak\u0142adzie Produkcyjnym \u201dCukrownia Cerekiew\u201d  w Ci\u0119\u017ckowicach<\/h2>\t\t<\/div>\n\t\t\t\t<\/div>\n\t\t\t\t\t<\/div>\n\t\t<\/div>\n\t\t\t\t\t\t\t<\/div>\n\t\t<\/section>\n\t\t\t\t\t<\/div>\n\t\t<\/div>\n\t\t\t\t\t\t\t<\/div>\n\t\t<\/section>\n\t\t\t\t<section class=\"elementor-section elementor-top-section elementor-element elementor-element-7481749e elementor-section-boxed elementor-section-height-default elementor-section-height-default\" data-id=\"7481749e\" data-element_type=\"section\" data-settings=\"{&quot;background_background&quot;:&quot;classic&quot;}\">\n\t\t\t\t\t\t<div class=\"elementor-container elementor-column-gap-extended\">\n\t\t\t\t\t<div class=\"elementor-column elementor-col-33 elementor-top-column elementor-element elementor-element-527a862c\" data-id=\"527a862c\" data-element_type=\"column\">\n\t\t\t<div class=\"elementor-widget-wrap elementor-element-populated\">\n\t\t\t\t\t\t\t\t<div class=\"elementor-element elementor-element-152459b elementor-nav-menu--dropdown-tablet elementor-nav-menu__text-align-aside elementor-nav-menu--toggle elementor-nav-menu--burger elementor-widget elementor-widget-nav-menu\" data-id=\"152459b\" data-element_type=\"widget\" data-settings=\"{&quot;layout&quot;:&quot;vertical&quot;,&quot;submenu_icon&quot;:{&quot;value&quot;:&quot;&lt;i class=\\&quot;\\&quot;&gt;&lt;\\\/i&gt;&quot;,&quot;library&quot;:&quot;&quot;},&quot;toggle&quot;:&quot;burger&quot;}\" data-widget_type=\"nav-menu.default\">\n\t\t\t\t<div class=\"elementor-widget-container\">\n\t\t\t<link rel=\"stylesheet\" href=\"https:\/\/zpbccerekiew.pl\/wp-content\/plugins\/elementor-pro\/assets\/css\/widget-nav-menu.min.css\">\t\t\t<nav migration_allowed=\"1\" migrated=\"0\" role=\"navigation\" class=\"elementor-nav-menu--main elementor-nav-menu__container elementor-nav-menu--layout-vertical e--pointer-underline e--animation-fade\">\n\t\t\t\t<ul id=\"menu-1-152459b\" class=\"elementor-nav-menu sm-vertical\"><li class=\"menu-item menu-item-type-post_type menu-item-object-page menu-item-home menu-item-1152\"><a href=\"https:\/\/zpbccerekiew.pl\/\" class=\"elementor-item\">Strona G\u0142\u00f3wna<\/a><\/li>\n<li class=\"menu-item menu-item-type-post_type menu-item-object-page menu-item-557\"><a href=\"https:\/\/zpbccerekiew.pl\/?page_id=159\" class=\"elementor-item\">Cele i zadania<\/a><\/li>\n<li class=\"menu-item menu-item-type-post_type menu-item-object-page menu-item-558\"><a href=\"https:\/\/zpbccerekiew.pl\/?page_id=209\" class=\"elementor-item\">CIBE<\/a><\/li>\n<li class=\"menu-item menu-item-type-post_type menu-item-object-page menu-item-1202\"><a href=\"https:\/\/zpbccerekiew.pl\/?page_id=1197\" class=\"elementor-item\">Statut<\/a><\/li>\n<li class=\"menu-item menu-item-type-post_type menu-item-object-page menu-item-559\"><a href=\"https:\/\/zpbccerekiew.pl\/?page_id=161\" class=\"elementor-item\">Grupa Plantator<\/a><\/li>\n<li class=\"menu-item menu-item-type-post_type menu-item-object-page menu-item-560\"><a href=\"https:\/\/zpbccerekiew.pl\/?page_id=153\" class=\"elementor-item\">Historia Zwi\u0105zku Plantator\u00f3w<\/a><\/li>\n<li class=\"menu-item menu-item-type-post_type menu-item-object-page menu-item-581\"><a href=\"https:\/\/zpbccerekiew.pl\/?page_id=211\" class=\"elementor-item\">Wycieczki<\/a><\/li>\n<li class=\"menu-item menu-item-type-post_type menu-item-object-page menu-item-582\"><a href=\"https:\/\/zpbccerekiew.pl\/?page_id=156\" class=\"elementor-item\">Zarz\u0105d Zwi\u0105zku<\/a><\/li>\n<li class=\"menu-item menu-item-type-post_type menu-item-object-page menu-item-561\"><a href=\"https:\/\/zpbccerekiew.pl\/?page_id=147\" class=\"elementor-item\">Kontakt<\/a><\/li>\n<\/ul>\t\t\t<\/nav>\n\t\t\t\t\t<div class=\"elementor-menu-toggle\" role=\"button\" tabindex=\"0\" aria-label=\"Menu Toggle\" aria-expanded=\"false\">\n\t\t\t<i aria-hidden=\"true\" role=\"presentation\" class=\"elementor-menu-toggle__icon--open eicon-menu-bar\"><\/i><i aria-hidden=\"true\" role=\"presentation\" class=\"elementor-menu-toggle__icon--close eicon-close\"><\/i>\t\t\t<span class=\"elementor-screen-only\">Menu<\/span>\n\t\t<\/div>\n\t\t\t<nav class=\"elementor-nav-menu--dropdown elementor-nav-menu__container\" role=\"navigation\" aria-hidden=\"true\">\n\t\t\t\t<ul id=\"menu-2-152459b\" class=\"elementor-nav-menu sm-vertical\"><li class=\"menu-item menu-item-type-post_type menu-item-object-page menu-item-home menu-item-1152\"><a href=\"https:\/\/zpbccerekiew.pl\/\" class=\"elementor-item\" tabindex=\"-1\">Strona G\u0142\u00f3wna<\/a><\/li>\n<li class=\"menu-item menu-item-type-post_type menu-item-object-page menu-item-557\"><a href=\"https:\/\/zpbccerekiew.pl\/?page_id=159\" class=\"elementor-item\" tabindex=\"-1\">Cele i zadania<\/a><\/li>\n<li class=\"menu-item menu-item-type-post_type menu-item-object-page menu-item-558\"><a href=\"https:\/\/zpbccerekiew.pl\/?page_id=209\" class=\"elementor-item\" tabindex=\"-1\">CIBE<\/a><\/li>\n<li class=\"menu-item menu-item-type-post_type menu-item-object-page menu-item-1202\"><a href=\"https:\/\/zpbccerekiew.pl\/?page_id=1197\" class=\"elementor-item\" tabindex=\"-1\">Statut<\/a><\/li>\n<li class=\"menu-item menu-item-type-post_type menu-item-object-page menu-item-559\"><a href=\"https:\/\/zpbccerekiew.pl\/?page_id=161\" class=\"elementor-item\" tabindex=\"-1\">Grupa Plantator<\/a><\/li>\n<li class=\"menu-item menu-item-type-post_type menu-item-object-page menu-item-560\"><a href=\"https:\/\/zpbccerekiew.pl\/?page_id=153\" class=\"elementor-item\" tabindex=\"-1\">Historia Zwi\u0105zku Plantator\u00f3w<\/a><\/li>\n<li class=\"menu-item menu-item-type-post_type menu-item-object-page menu-item-581\"><a href=\"https:\/\/zpbccerekiew.pl\/?page_id=211\" class=\"elementor-item\" tabindex=\"-1\">Wycieczki<\/a><\/li>\n<li class=\"menu-item menu-item-type-post_type menu-item-object-page menu-item-582\"><a href=\"https:\/\/zpbccerekiew.pl\/?page_id=156\" class=\"elementor-item\" tabindex=\"-1\">Zarz\u0105d Zwi\u0105zku<\/a><\/li>\n<li class=\"menu-item menu-item-type-post_type menu-item-object-page menu-item-561\"><a href=\"https:\/\/zpbccerekiew.pl\/?page_id=147\" class=\"elementor-item\" tabindex=\"-1\">Kontakt<\/a><\/li>\n<\/ul>\t\t\t<\/nav>\n\t\t\t\t<\/div>\n\t\t\t\t<\/div>\n\t\t\t\t<div class=\"elementor-element elementor-element-203a166f elementor-widget elementor-widget-heading\" data-id=\"203a166f\" data-element_type=\"widget\" data-widget_type=\"heading.default\">\n\t\t\t\t<div class=\"elementor-widget-container\">\n\t\t\t<h2 class=\"elementor-heading-title elementor-size-default\">Adres siedziby:<br>\nCi\u0119\u017ckowice, ul. Fabryczna 13, \n47-260 Polska Cerekiew\nBIURO ZPBC <br>  Tel.: 507 333 072<\/h2>\t\t<\/div>\n\t\t\t\t<\/div>\n\t\t\t\t<div class=\"elementor-element elementor-element-2e61cd2e elementor-widget elementor-widget-google_maps\" data-id=\"2e61cd2e\" data-element_type=\"widget\" data-widget_type=\"google_maps.default\">\n\t\t\t\t<div class=\"elementor-widget-container\">\n\t\t\t<style>\/*! elementor - v3.5.3 - 28-12-2021 *\/\n.elementor-widget-google_maps .elementor-widget-container{overflow:hidden}.elementor-widget-google_maps iframe{height:300px}<\/style>\t\t<div class=\"elementor-custom-embed\">\n\t\t\t<iframe frameborder=\"0\" scrolling=\"no\" marginheight=\"0\" marginwidth=\"0\"\n\t\t\t\t\tsrc=\"https:\/\/maps.google.com\/maps?q=Ci%C4%99%C5%BCkowice%2C%20ul.%20Fabryczna%2013&#038;t=m&#038;z=10&#038;output=embed&#038;iwloc=near\"\n\t\t\t\t\ttitle=\"Ci\u0119\u017ckowice, ul. Fabryczna 13\"\n\t\t\t\t\taria-label=\"Ci\u0119\u017ckowice, ul. Fabryczna 13\"\n\t\t\t><\/iframe>\n\t\t<\/div>\n\t\t\t\t<\/div>\n\t\t\t\t<\/div>\n\t\t\t\t<div class=\"elementor-element elementor-element-6a0a1631 elementor-widget elementor-widget-spacer\" data-id=\"6a0a1631\" data-element_type=\"widget\" data-widget_type=\"spacer.default\">\n\t\t\t\t<div class=\"elementor-widget-container\">\n\t\t\t\t\t<div class=\"elementor-spacer\">\n\t\t\t<div class=\"elementor-spacer-inner\"><\/div>\n\t\t<\/div>\n\t\t\t\t<\/div>\n\t\t\t\t<\/div>\n\t\t\t\t\t<\/div>\n\t\t<\/div>\n\t\t\t\t<div class=\"elementor-column elementor-col-33 elementor-top-column elementor-element elementor-element-1f6dcb05\" data-id=\"1f6dcb05\" data-element_type=\"column\" data-settings=\"{&quot;background_background&quot;:&quot;classic&quot;}\">\n\t\t\t<div class=\"elementor-widget-wrap elementor-element-populated\">\n\t\t\t\t\t<div class=\"elementor-background-overlay\"><\/div>\n\t\t\t\t\t\t\t\t<div class=\"elementor-element elementor-element-8e7be59 elementor-widget elementor-widget-text-editor\" data-id=\"8e7be59\" data-element_type=\"widget\" data-widget_type=\"text-editor.default\">\n\t\t\t\t<div class=\"elementor-widget-container\">\n\t\t\t<style>\/*! elementor - v3.5.3 - 28-12-2021 *\/\n.elementor-widget-text-editor.elementor-drop-cap-view-stacked .elementor-drop-cap{background-color:#818a91;color:#fff}.elementor-widget-text-editor.elementor-drop-cap-view-framed .elementor-drop-cap{color:#818a91;border:3px solid;background-color:transparent}.elementor-widget-text-editor:not(.elementor-drop-cap-view-default) .elementor-drop-cap{margin-top:8px}.elementor-widget-text-editor:not(.elementor-drop-cap-view-default) .elementor-drop-cap-letter{width:1em;height:1em}.elementor-widget-text-editor .elementor-drop-cap{float:left;text-align:center;line-height:1;font-size:50px}.elementor-widget-text-editor .elementor-drop-cap-letter{display:inline-block}<\/style>\t\t\t\t<p data-start=\"55\" data-end=\"63\"><strong data-start=\"55\" data-end=\"63\">CIBE<\/strong><\/p>\n<hr data-start=\"65\" data-end=\"68\" \/>\n<p data-start=\"70\" data-end=\"195\"><strong data-start=\"70\" data-end=\"129\">Conf\u00e9d\u00e9ration Internationale des Betteraviers Europ\u00e9ens<\/strong><br data-start=\"129\" data-end=\"132\" \/><strong data-start=\"132\" data-end=\"195\">Mi\u0119dzynarodowa Konfederacja Europejskich Plantator\u00f3w Buraka<\/strong><\/p>\n<p data-start=\"197\" data-end=\"534\">CIBE reprezentuje ponad 400 tys. plantator\u00f3w buraka cukrowego, uprawiaj\u0105cych oko\u0142o 2 mln hektar\u00f3w, dzi\u0119ki czemu powstaje \u015brednio 20 mln ton cukru rocznie dla 600 mln konsument\u00f3w pa\u0144stw cz\u0142onkowskich CIBE. Unia Europejska jest trzecim co do wielko\u015bci producentem cukru, a tak\u017ce znacz\u0105cym konsumentem i jednym z najwa\u017cniejszych importer\u00f3w.<\/p>\n<p data-start=\"536\" data-end=\"903\">W momencie powstania CIBE w roku 1927, Europa boryka\u0142a si\u0119 z deficytem cukru. Od tego czasu dokonano wielu stara\u0144 by przekszta\u0142ci\u0107 ten sektor, dochodz\u0105c do obecnego poziomu. Mimo kolejnych reform rynku UE, uwarunkowanych negocjacjami mi\u0119dzynarodowymi, produkcja buraka cukrowego musi nieustannie dostosowywa\u0107 si\u0119 do otwierania rynku UE na innych partner\u00f3w handlowych.<\/p>\n<p data-start=\"905\" data-end=\"1283\">Cz\u0142onkami CIBE s\u0105 zwi\u0105zki krajowe, kt\u00f3re reprezentuj\u0105 plantator\u00f3w z 18 pa\u0144stw europejskich uprawiaj\u0105cych burak, w tym 170 000 plantator\u00f3w z 16 pa\u0144stw UE (Austria, Belgia, Czechy, Dania, Finlandia, Francja, Grecja, Holandia, Niemcy, Polska, Rumunia, S\u0142owacja, Szwecja, W\u0119gry, Wielka Brytania, W\u0142ochy) oraz 240 000 plantator\u00f3w z 2 pa\u0144stw nienale\u017c\u0105cych do UE (Szwajcaria i Turcja).<\/p>\n<p data-start=\"1285\" data-end=\"1432\">Delegaci CIBE zbieraj\u0105 si\u0119 w celu zebrania i wymiany informacji oraz om\u00f3wienia i rozwi\u0105zania problem\u00f3w, jak te\u017c w celu ustalenia wsp\u00f3lnej polityki.<\/p>\n<p data-start=\"1434\" data-end=\"1664\">Podstawowym zadaniem CIBE jest obrona interes\u00f3w i reprezentacja plantator\u00f3w buraka cukrowego wobec instytucji europejskich (m.in.: Komisja, Rada i Parlament), organizacji mi\u0119dzynarodowych, w szczeg\u00f3lno\u015bci w takich kwestiach jak:<\/p>\n<ul data-start=\"1665\" data-end=\"1934\">\n<li data-start=\"1665\" data-end=\"1707\">\n<p data-start=\"1667\" data-end=\"1707\">rozporz\u0105dzenia unijne dotycz\u0105ce cukru;<\/p>\n<\/li>\n<li data-start=\"1708\" data-end=\"1735\">\n<p data-start=\"1710\" data-end=\"1735\">Wsp\u00f3lna Polityka Rolna;<\/p>\n<\/li>\n<li data-start=\"1736\" data-end=\"1805\">\n<p data-start=\"1738\" data-end=\"1805\">mi\u0119dzynarodowe i dwustronne negocjacje porozumie\u0144 wolnego handlu;<\/p>\n<\/li>\n<li data-start=\"1806\" data-end=\"1858\">\n<p data-start=\"1808\" data-end=\"1858\">kwestie agronomiczne i techniczne uprawy buraka;<\/p>\n<\/li>\n<li data-start=\"1859\" data-end=\"1910\">\n<p data-start=\"1861\" data-end=\"1910\">rozw\u00f3j odnawialnych \u017ar\u00f3de\u0142 oraz rynek biopaliw;<\/p>\n<\/li>\n<li data-start=\"1911\" data-end=\"1934\">\n<p data-start=\"1913\" data-end=\"1934\">kwestie \u015brodowiskowe.<\/p>\n<\/li>\n<\/ul>\n<p data-start=\"1936\" data-end=\"2393\">CIBE jest organizacj\u0105 pozarz\u0105dow\u0105 uznawan\u0105 przez Organizacj\u0119 Narod\u00f3w Zjednoczonych (UNCTAD, FAO). Jest cz\u0142onkiem Komitetu Zawodowych Organizacji Rolniczych UE (COPA\/COGECA). W strukturach COPA reprezentuje sektor burak cukrowy i cukru przed Komisj\u0105 Europejsk\u0105. CIBE wsp\u00f3\u0142pracuje w Komitecie Wykonawczym \u015awiatowego Zwi\u0105zku Plantator\u00f3w Buraka Cukrowego i Trzciny Cukrowej. J\u0119zykami roboczymi CIBE s\u0105 j\u0119zyk angielski, francuski, niemiecki, hiszpa\u0144ski i polski.<\/p>\n<hr data-start=\"2395\" data-end=\"2398\" \/>\n<p data-start=\"2400\" data-end=\"2409\"><strong data-start=\"2400\" data-end=\"2409\">ADRES<\/strong><\/p>\n<p data-start=\"2411\" data-end=\"2562\"><em data-start=\"2411\" data-end=\"2468\">Conf\u00e9d\u00e9ration Internationale des Betteraviers Europ\u00e9ens<\/em><br data-start=\"2468\" data-end=\"2471\" \/>Boulevard Anspach 111<br data-start=\"2492\" data-end=\"2495\" \/>B &#8211; 1000 Brussels<br data-start=\"2512\" data-end=\"2515\" \/><a class=\"\" href=\"http:\/\/www.cibe-europe.eu\" target=\"_new\" rel=\"noopener\" data-start=\"2515\" data-end=\"2562\">www.cibe-europe.eu<\/a><\/p>\t\t\t\t\t\t<\/div>\n\t\t\t\t<\/div>\n\t\t\t\t\t<\/div>\n\t\t<\/div>\n\t\t\t\t<div class=\"elementor-column elementor-col-33 elementor-top-column elementor-element elementor-element-6eb45a06\" data-id=\"6eb45a06\" data-element_type=\"column\">\n\t\t\t<div class=\"elementor-widget-wrap elementor-element-populated\">\n\t\t\t\t\t\t\t\t<div class=\"elementor-element elementor-element-6eae5083 elementor-position-top elementor-vertical-align-top elementor-widget elementor-widget-image-box\" data-id=\"6eae5083\" data-element_type=\"widget\" data-widget_type=\"image-box.default\">\n\t\t\t\t<div class=\"elementor-widget-container\">\n\t\t\t<style>\/*! elementor - v3.5.3 - 28-12-2021 *\/\n.elementor-widget-image-box .elementor-image-box-content{width:100%}@media (min-width:768px){.elementor-widget-image-box.elementor-position-left .elementor-image-box-wrapper,.elementor-widget-image-box.elementor-position-right .elementor-image-box-wrapper{display:-webkit-box;display:-ms-flexbox;display:flex}.elementor-widget-image-box.elementor-position-right .elementor-image-box-wrapper{text-align:right;-webkit-box-orient:horizontal;-webkit-box-direction:reverse;-ms-flex-direction:row-reverse;flex-direction:row-reverse}.elementor-widget-image-box.elementor-position-left .elementor-image-box-wrapper{text-align:left;-webkit-box-orient:horizontal;-webkit-box-direction:normal;-ms-flex-direction:row;flex-direction:row}.elementor-widget-image-box.elementor-position-top .elementor-image-box-img{margin:auto}.elementor-widget-image-box.elementor-vertical-align-top .elementor-image-box-wrapper{-webkit-box-align:start;-ms-flex-align:start;align-items:flex-start}.elementor-widget-image-box.elementor-vertical-align-middle .elementor-image-box-wrapper{-webkit-box-align:center;-ms-flex-align:center;align-items:center}.elementor-widget-image-box.elementor-vertical-align-bottom .elementor-image-box-wrapper{-webkit-box-align:end;-ms-flex-align:end;align-items:flex-end}}@media (max-width:767px){.elementor-widget-image-box .elementor-image-box-img{margin-left:auto!important;margin-right:auto!important;margin-bottom:15px}}.elementor-widget-image-box .elementor-image-box-img{display:inline-block}.elementor-widget-image-box .elementor-image-box-title a{color:inherit}.elementor-widget-image-box .elementor-image-box-wrapper{text-align:center}.elementor-widget-image-box .elementor-image-box-description{margin:0}<\/style><div class=\"elementor-image-box-wrapper\"><figure class=\"elementor-image-box-img\"><img loading=\"lazy\" decoding=\"async\" width=\"900\" height=\"900\" src=\"https:\/\/zpbccerekiew.pl\/wp-content\/uploads\/2022\/01\/unnamed.jpg\" class=\"attachment-full size-full\" alt=\"\" \/><\/figure><div class=\"elementor-image-box-content\"><h3 class=\"elementor-image-box-title\">Rolniku! B\u0105d\u017a na bie\u017c\u0105co!<\/h3><p class=\"elementor-image-box-description\">\nTygodnik Poradnik Rolniczy to najwi\u0119ksze czasopismo rolnicze w Polsce oraz znacz\u0105cy portal rolniczy. Na \u0142amach TPR na bie\u017c\u0105co informujemy o cenach rolniczych, dotacjach, maszynach, uprawie, chowie i hodowli zwierz\u0105t, produkcji mleka oraz \u017cyciu wsi.<\/p><\/div><\/div>\t\t<\/div>\n\t\t\t\t<\/div>\n\t\t\t\t<div class=\"elementor-element elementor-element-61db123e elementor-position-top elementor-vertical-align-top elementor-widget elementor-widget-image-box\" data-id=\"61db123e\" data-element_type=\"widget\" data-widget_type=\"image-box.default\">\n\t\t\t\t<div class=\"elementor-widget-container\">\n\t\t\t<div class=\"elementor-image-box-wrapper\"><figure class=\"elementor-image-box-img\"><img loading=\"lazy\" decoding=\"async\" width=\"370\" height=\"159\" src=\"https:\/\/zpbccerekiew.pl\/wp-content\/uploads\/2022\/01\/poradnik-1.png\" class=\"attachment-full size-full\" alt=\"\" \/><\/figure><div class=\"elementor-image-box-content\"><h3 class=\"elementor-image-box-title\">Poradnik Plantatora Buraka Cukrowego<\/h3><p class=\"elementor-image-box-description\">PPBC jest pismem Krajowego Zwi\u0105zku Plantator\u00f3w Buraka Cukrowego, organizacji zrzeszaj\u0105cej 35 tysi\u0119cy polskich plantator\u00f3w buraka cukrowego. Ukazuje si\u0119 od 1998 r. i jest kontynuatorem \u201ePoradnika Plantatora\u201d \u2013 organu Krajowego Zwi\u0105zku Plantator\u00f3w Ro\u015blin Okopowych w latach 1946-1991. Obecnie KZPBC jest r\u00f3wnie\u017c wydawc\u0105 PPBC. Pismo posiada stabiln\u0105 baz\u0119 prenumeraty, dystrybuowane jest tak\u017ce podczas konferencji i imprez plenerowych.<\/p><\/div><\/div>\t\t<\/div>\n\t\t\t\t<\/div>\n\t\t\t\t<div class=\"elementor-element elementor-element-2f33bbdc elementor-widget elementor-widget-facebook-page\" data-id=\"2f33bbdc\" data-element_type=\"widget\" data-widget_type=\"facebook-page.default\">\n\t\t\t\t<div class=\"elementor-widget-container\">\n\t\t\t<style>\/*! elementor-pro - v3.5.2 - 28-11-2021 *\/\n.elementor-facebook-widget.fb_iframe_widget,.elementor-facebook-widget.fb_iframe_widget span{width:100%!important}.elementor-facebook-widget.fb_iframe_widget iframe{position:relative;width:100%!important}.elementor-facebook-widget.fb-like{height:1px}.elementor-widget-facebook-comments iframe{width:100%!important}<\/style><div class=\"elementor-facebook-widget fb-page\" data-href=\"https:\/\/www.facebook.com\/TPRolniczy\/\" data-tabs=\"timeline\" data-height=\"620px\" data-width=\"500px\" data-small-header=\"false\" data-hide-cover=\"false\" data-show-facepile=\"true\" data-hide-cta=\"false\" style=\"min-height: 1px;height:620px\"><\/div>\t\t<\/div>\n\t\t\t\t<\/div>\n\t\t\t\t\t<\/div>\n\t\t<\/div>\n\t\t\t\t\t\t\t<\/div>\n\t\t<\/section>\n\t\t\t\t\t\t<\/div>\n\t\t\t\t\t<\/div>\n\t\t","protected":false},"excerpt":{"rendered":"<p>Zwi\u0105zek Plantator\u00f3w Buraka Cukrowego przy Sudzucker Polska z siedzib\u0105 przy Zak\u0142adzie Produkcyjnym \u201dCukrownia Cerekiew\u201d w Ci\u0119\u017ckowicach Adres siedziby: Ci\u0119\u017ckowice, ul. Fabryczna 13, 47-260 Polska Cerekiew BIURO ZPBC Tel.: 507 333 072 CIBE Conf\u00e9d\u00e9ration Internationale des Betteraviers Europ\u00e9ensMi\u0119dzynarodowa Konfederacja Europejskich Plantator\u00f3w Buraka CIBE reprezentuje ponad 400 tys. plantator\u00f3w buraka cukrowego, uprawiaj\u0105cych oko\u0142o 2 mln hektar\u00f3w, dzi\u0119ki [&hellip;]<\/p>\n","protected":false},"author":1,"featured_media":0,"parent":0,"menu_order":3,"comment_status":"closed","ping_status":"closed","template":"","meta":{"footnotes":""},"_links":{"self":[{"href":"https:\/\/zpbccerekiew.pl\/index.php?rest_route=\/wp\/v2\/pages\/209"}],"collection":[{"href":"https:\/\/zpbccerekiew.pl\/index.php?rest_route=\/wp\/v2\/pages"}],"about":[{"href":"https:\/\/zpbccerekiew.pl\/index.php?rest_route=\/wp\/v2\/types\/page"}],"author":[{"embeddable":true,"href":"https:\/\/zpbccerekiew.pl\/index.php?rest_route=\/wp\/v2\/users\/1"}],"replies":[{"embeddable":true,"href":"https:\/\/zpbccerekiew.pl\/index.php?rest_route=%2Fwp%2Fv2%2Fcomments&post=209"}],"version-history":[{"count":10,"href":"https:\/\/zpbccerekiew.pl\/index.php?rest_route=\/wp\/v2\/pages\/209\/revisions"}],"predecessor-version":[{"id":2012,"href":"https:\/\/zpbccerekiew.pl\/index.php?rest_route=\/wp\/v2\/pages\/209\/revisions\/2012"}],"wp:attachment":[{"href":"https:\/\/zpbccerekiew.pl\/index.php?rest_route=%2Fwp%2Fv2%2Fmedia&parent=209"}],"curies":[{"name":"wp","href":"https:\/\/api.w.org\/{rel}","templated":true}]}}